{"id":1623,"date":"2025-02-06T23:19:59","date_gmt":"2025-02-06T15:19:59","guid":{"rendered":"https:\/\/conferences.ifac-control.org\/cams2025\/?page_id=1623"},"modified":"2025-02-22T14:19:16","modified_gmt":"2025-02-22T06:19:16","slug":"ipc","status":"publish","type":"page","link":"https:\/\/conferences.ifac-control.org\/cams2025\/ipc\/","title":{"rendered":"IPC"},"content":{"rendered":"\n<p><br><br><\/p>\n\n\n\n<p><\/p>\n\n\n\n<h1 class=\"wp-block-heading has-text-align-center has-ast-global-color-0-color has-text-color\" style=\"font-size:48px\"><strong>International Program Committee<\/strong><\/h1>\n\n\n\n<div class=\"inherit-container-width wp-block-group alignwide is-layout-constrained wp-block-group-is-layout-constrained\">\n<div class=\"wp-block-media-text alignwide is-stacked-on-mobile is-vertically-aligned-top\" style=\"padding-right:2rem;padding-left:2rem;grid-template-columns:18% auto\"><figure class=\"wp-block-media-text__media\"><img loading=\"lazy\" decoding=\"async\" width=\"345\" height=\"499\" src=\"https:\/\/conferences.ifac-control.org\/cams2025\/wp-content\/uploads\/sites\/27\/2025\/01\/Woolsey-1.png\" alt=\"\" class=\"wp-image-1303 size-full\" srcset=\"https:\/\/conferences.ifac-control.org\/cams2025\/wp-content\/uploads\/sites\/27\/2025\/01\/Woolsey-1.png 345w, https:\/\/conferences.ifac-control.org\/cams2025\/wp-content\/uploads\/sites\/27\/2025\/01\/Woolsey-1-207x300.png 207w\" sizes=\"(max-width: 345px) 100vw, 345px\" \/><\/figure><div class=\"wp-block-media-text__content\">\n<h2 class=\"wp-block-heading has-text-align-left has-ast-global-color-8-color has-text-color\" style=\"margin-top:var(--wp--preset--spacing--50);margin-right:var(--wp--preset--spacing--80);margin-bottom:var(--wp--preset--spacing--50);margin-left:var(--wp--preset--spacing--80);padding-right:var(--wp--preset--spacing--80);padding-left:var(--wp--preset--spacing--80);font-size:25px\"><strong>IPC Chair <\/strong><\/h2>\n\n\n\n<p class=\"has-ast-global-color-0-color has-text-color has-link-color wp-elements-416d2d29ccfaaba71e1232fbad248540\" style=\"margin-top:0;margin-right:var(--wp--preset--spacing--80);margin-bottom:0;margin-left:var(--wp--preset--spacing--80);padding-top:var(--wp--preset--spacing--30);padding-right:var(--wp--preset--spacing--80);padding-bottom:var(--wp--preset--spacing--30);padding-left:var(--wp--preset--spacing--80);font-size:20px\"><strong>Craig Woolsey<\/strong><br>Virginia Tech, USA<\/p>\n<\/div><\/div>\n<\/div>\n\n\n\n<div class=\"inherit-container-width wp-block-group alignwide is-layout-constrained wp-block-group-is-layout-constrained\">\n<div class=\"wp-block-media-text alignwide is-stacked-on-mobile is-vertically-aligned-top\" style=\"padding-right:2rem;padding-left:2rem;grid-template-columns:18% auto\"><figure class=\"wp-block-media-text__media\"><img loading=\"lazy\" decoding=\"async\" width=\"225\" height=\"300\" src=\"https:\/\/conferences.ifac-control.org\/cams2025\/wp-content\/uploads\/sites\/27\/2025\/01\/07b9f2b3562da77c6f85d87cf4bb3e6.png\" alt=\"\" class=\"wp-image-1443 size-full\" \/><\/figure><div class=\"wp-block-media-text__content\">\n<h2 class=\"wp-block-heading has-text-align-left has-ast-global-color-8-color has-text-color\" style=\"margin-top:var(--wp--preset--spacing--50);margin-right:var(--wp--preset--spacing--80);margin-bottom:var(--wp--preset--spacing--50);margin-left:var(--wp--preset--spacing--80);padding-right:var(--wp--preset--spacing--80);padding-left:var(--wp--preset--spacing--80);font-size:25px\"><strong>IPC Vice-Chair<\/strong><\/h2>\n\n\n\n<p class=\"has-ast-global-color-0-color has-text-color has-link-color wp-elements-de50e122bc6f6a606bd7ba4996e5f2e3\" style=\"margin-top:0;margin-right:var(--wp--preset--spacing--80);margin-bottom:0;margin-left:var(--wp--preset--spacing--80);padding-top:var(--wp--preset--spacing--30);padding-right:var(--wp--preset--spacing--80);padding-bottom:var(--wp--preset--spacing--30);padding-left:var(--wp--preset--spacing--80);font-size:20px\"><strong>Andrea Monteri\u00f9 <\/strong><br>Universit\u00e0 Politecnica delle Marche, Italy<\/p>\n<\/div><\/div>\n<\/div>\n\n\n\n<div class=\"inherit-container-width wp-block-group alignwide is-layout-constrained wp-block-group-is-layout-constrained\">\n<div class=\"wp-block-media-text alignwide is-stacked-on-mobile is-vertically-aligned-top\" style=\"padding-right:2rem;padding-left:2rem;grid-template-columns:18% auto\"><figure class=\"wp-block-media-text__media\"><img loading=\"lazy\" decoding=\"async\" width=\"819\" height=\"1024\" src=\"https:\/\/conferences.ifac-control.org\/cams2025\/wp-content\/uploads\/sites\/27\/2025\/01\/freecompress-1737718380391-819x1024.jpg\" alt=\"\" class=\"wp-image-1440 size-full\" srcset=\"https:\/\/conferences.ifac-control.org\/cams2025\/wp-content\/uploads\/sites\/27\/2025\/01\/freecompress-1737718380391-819x1024.jpg 819w, https:\/\/conferences.ifac-control.org\/cams2025\/wp-content\/uploads\/sites\/27\/2025\/01\/freecompress-1737718380391-240x300.jpg 240w, https:\/\/conferences.ifac-control.org\/cams2025\/wp-content\/uploads\/sites\/27\/2025\/01\/freecompress-1737718380391-768x960.jpg 768w, https:\/\/conferences.ifac-control.org\/cams2025\/wp-content\/uploads\/sites\/27\/2025\/01\/freecompress-1737718380391-1229x1536.jpg 1229w, https:\/\/conferences.ifac-control.org\/cams2025\/wp-content\/uploads\/sites\/27\/2025\/01\/freecompress-1737718380391-1639x2048.jpg 1639w\" sizes=\"(max-width: 819px) 100vw, 819px\" \/><\/figure><div class=\"wp-block-media-text__content\">\n<h2 class=\"wp-block-heading has-text-align-left has-ast-global-color-8-color has-text-color\" style=\"margin-top:var(--wp--preset--spacing--50);margin-right:var(--wp--preset--spacing--80);margin-bottom:var(--wp--preset--spacing--50);margin-left:var(--wp--preset--spacing--80);padding-right:var(--wp--preset--spacing--80);padding-left:var(--wp--preset--spacing--80);font-size:25px\"><strong>IPC Vice-Chair<\/strong><\/h2>\n\n\n\n<p class=\"has-ast-global-color-0-color has-text-color has-link-color wp-elements-12532ecc1c0863e9f92feb3eea7d0834\" style=\"margin-top:0;margin-right:var(--wp--preset--spacing--80);margin-bottom:0;margin-left:var(--wp--preset--spacing--80);padding-top:var(--wp--preset--spacing--30);padding-right:var(--wp--preset--spacing--80);padding-bottom:var(--wp--preset--spacing--30);padding-left:var(--wp--preset--spacing--80);font-size:20px\"><strong>Nikola&nbsp;Mi\u0161kovi\u0107<\/strong><br>University of Zagreb, Croatia<\/p>\n<\/div><\/div>\n<\/div>\n\n\n\n<div class=\"inherit-container-width wp-block-group alignwide is-layout-constrained wp-block-group-is-layout-constrained\">\n<div class=\"wp-block-media-text alignwide is-stacked-on-mobile is-vertically-aligned-top\" style=\"padding-right:2rem;padding-left:2rem;grid-template-columns:19% auto\"><figure class=\"wp-block-media-text__media\"><img loading=\"lazy\" decoding=\"async\" width=\"301\" height=\"301\" src=\"https:\/\/conferences.ifac-control.org\/cams2025\/wp-content\/uploads\/sites\/27\/2025\/02\/R-C.png\" alt=\"\" class=\"wp-image-1687 size-full\" srcset=\"https:\/\/conferences.ifac-control.org\/cams2025\/wp-content\/uploads\/sites\/27\/2025\/02\/R-C.png 301w, https:\/\/conferences.ifac-control.org\/cams2025\/wp-content\/uploads\/sites\/27\/2025\/02\/R-C-150x150.png 150w\" sizes=\"(max-width: 301px) 100vw, 301px\" \/><\/figure><div class=\"wp-block-media-text__content\">\n<h2 class=\"wp-block-heading has-text-align-left has-ast-global-color-8-color has-text-color\" style=\"margin-top:var(--wp--preset--spacing--50);margin-right:var(--wp--preset--spacing--80);margin-bottom:var(--wp--preset--spacing--50);margin-left:var(--wp--preset--spacing--80);padding-right:var(--wp--preset--spacing--80);padding-left:var(--wp--preset--spacing--80);font-size:25px\"><strong>IPC Vice-Chair<\/strong><\/h2>\n\n\n\n<p class=\"has-ast-global-color-0-color has-text-color has-link-color wp-elements-060a1b31952ae2f1fd4f6b3820862d6c\" style=\"margin-top:0;margin-right:var(--wp--preset--spacing--80);margin-bottom:0;margin-left:var(--wp--preset--spacing--80);padding-top:var(--wp--preset--spacing--30);padding-right:var(--wp--preset--spacing--80);padding-bottom:var(--wp--preset--spacing--30);padding-left:var(--wp--preset--spacing--80);font-size:20px\"><strong>Bart De Schutter<\/strong><br>Delft University of Technology, the Netherlands<\/p>\n<\/div><\/div>\n<\/div>\n\n\n\n<div class=\"inherit-container-width wp-block-group is-layout-constrained wp-container-core-group-is-layout-5 wp-block-group-is-layout-constrained\" style=\"padding-top:0;padding-right:0;padding-bottom:0;padding-left:0\">\n<p class=\"has-text-align-center has-ast-global-color-0-color has-text-color has-link-color wp-elements-4baead1b86fae0a17c6a447a95545edb\" style=\"font-size:25px\"><br><strong>Committee Member From TCs<\/strong><\/p>\n<\/div>\n\n\n\n<figure class=\"wp-block-table has-medium-font-size\"><table class=\"has-ast-global-color-8-color has-text-color has-link-color has-fixed-layout\" style=\"border-style:none;border-width:0px\"><tbody><tr><td><strong>Richard D. Braatz<\/strong><\/td><td><strong>Zdzislaw Kowalczuk<\/strong><\/td><td><strong>Carlos Eduardo Pereira<\/strong><\/td><td><strong>Alessandro Astolfi<\/strong><\/td><\/tr><tr><td><strong>Alessandro Chiuso<\/strong><\/td><td><strong>Guillaume MERCERE<\/strong><\/td><td><strong>Tiago Roux Oliveira<\/strong><\/td><td><strong>Thierry Marie Guerra<\/strong><\/td><\/tr><tr><td><strong>Kevin Guelton<\/strong><\/td><td><strong>Dawn Tilbury<\/strong><\/td><td><strong>Roberto Galeazzi<\/strong><\/td><td><strong>Tankut Acarman<\/strong><\/td><\/tr><\/tbody><\/table><\/figure>\n\n\n\n<div class=\"inherit-container-width wp-block-group is-layout-constrained wp-container-core-group-is-layout-6 wp-block-group-is-layout-constrained\" style=\"padding-top:0;padding-right:0;padding-bottom:0;padding-left:0\">\n<p class=\"has-text-align-center has-ast-global-color-0-color has-text-color has-link-color wp-elements-a9a752da310a78e222684f8dc87d80fc\" style=\"font-size:25px\"><br><strong>Committee Member From TC7.2<\/strong><\/p>\n<\/div>\n\n\n\n<div class=\"inherit-container-width wp-block-group is-layout-constrained wp-container-core-group-is-layout-7 wp-block-group-is-layout-constrained\" style=\"padding-top:0;padding-right:0;padding-bottom:0;padding-left:0\">\n<figure class=\"wp-block-table has-medium-font-size\"><table class=\"has-ast-global-color-8-color has-text-color has-link-color has-fixed-layout\" style=\"border-style:none;border-width:0px\"><tbody><tr><td><strong>Ant\u00f3nio Pedro Aguiar<\/strong><\/td><td><strong>Gianluca Antonelli<\/strong><\/td><td><strong>Thor I. Fossen<\/strong><\/td><td><strong>Asgeir Johan S\u00f8rensen<\/strong><\/td><\/tr><tr><td><strong>Mohd Rizal Arshad<\/strong><\/td><td><strong>Marco Bibuli<\/strong><\/td><td><strong>Mogens Blanke<\/strong><\/td><td><strong>Massimo Caccia<\/strong><\/td><\/tr><tr><td><strong>Andrea Caiti<\/strong><\/td><td><strong>Thomas Chaffre<\/strong><\/td><td><strong>Ahmed Chemori<\/strong><\/td><td><strong>Dong Cho<\/strong><\/td><\/tr><tr><td><strong>Tayfun \u00c7imen<\/strong><\/td><td><strong>Benoit Clement<\/strong><\/td><td><strong>Ramon Romankevicius Costa<\/strong><\/td><td><strong>Roberto Costa<\/strong><\/td><\/tr><tr><td><strong>Ettore A. de Barros<\/strong><\/td><td><strong>Bas de Kruif<\/strong><\/td><td><strong>Decio Donha<\/strong><\/td><td><strong>Jose Maria Giron-Sierra<\/strong><\/td><\/tr><tr><td><strong>Michael J. Grimble<\/strong><\/td><td><strong>Axel Hahn<\/strong><\/td><td><strong>Manuel Haro Casado<\/strong><\/td><td><strong>Kazuhiko Hasegawa<\/strong><\/td><\/tr><tr><td><strong>Vahid Hassani<\/strong><\/td><td><strong>Jun-Ho Huh<\/strong><\/td><td><strong>Giovanni Indiveri<\/strong><\/td><td><strong>Torsten Jeinsch<\/strong><\/td><\/tr><tr><td><strong>Hitoshi Katayama<\/strong><\/td><td><strong>Eleni Kelasidi<\/strong><\/td><td><strong>Jinwhan Kim<\/strong><\/td><td><strong>Holger Korte<\/strong><\/td><\/tr><tr><td><strong>Yoji Kuroda<\/strong><\/td><td><strong>Ji-Hong Li<\/strong><\/td><td><strong>Fernando Lizarralde<\/strong><\/td><td><strong>Nina Mahmoudian<\/strong><\/td><\/tr><tr><td><strong>Sadko Mandzuka<\/strong><\/td><td><strong>Euan Mcgookin<\/strong><\/td><td><strong>Attaullah Memon<\/strong><\/td><td><strong>Wassif Naeem<\/strong><\/td><\/tr><tr><td><strong>Nikola Nikolov<\/strong><\/td><td><strong>Paulo Oliveira<\/strong><\/td><td><strong>Gabriel Oliver<\/strong><\/td><td><strong>Edin Omerdic<\/strong><\/td><\/tr><tr><td><strong>Antonio Pascoal<\/strong><\/td><td><strong>Tristan Perez<\/strong><\/td><td><strong>Vasso Reppa<\/strong><\/td><td><strong>John Ringwood<\/strong><\/td><\/tr><tr><td><strong>Pere Ridao Rodriguez<\/strong><\/td><td><strong>Pouria Sarhadi<\/strong><\/td><td><strong>Ingrid Schj\u00f8lberg<\/strong><\/td><td><strong>Joao Sousa<\/strong><\/td><\/tr><tr><td><strong>Jing Sun<\/strong><\/td><td><strong>Kiril Tenekedjiev<\/strong><\/td><td><strong>Daniel Toal<\/strong><\/td><td><strong>Job Van Amerongen<\/strong><\/td><\/tr><tr><td><strong>Rafael Vasquez<\/strong><\/td><td><strong>Arto Visala<\/strong><\/td><td><strong>Zoran Vukic<\/strong><\/td><td><strong>Ikuo Yamamoto<\/strong><\/td><\/tr><tr><td><strong>Son-Cheol Yu<\/strong><\/td><td><strong>Enrica Zereik<\/strong><\/td><td><\/td><td><\/td><\/tr><\/tbody><\/table><\/figure>\n<\/div>\n\n\n\n<p><\/p>\n\n\n\n<p><\/p>\n\n\n\n<p><\/p>\n","protected":false},"excerpt":{"rendered":"<p>International Program Committee IPC Chair Craig WoolseyVirginia Tech, USA IPC Vice-Chair Andrea Monteri\u00f9 Universit\u00e0 Politecnica delle Marche, Italy IPC Vice-Chair Nikola&nbsp;Mi\u0161kovi\u0107University of Zagreb, Croatia IPC Vice-Chair Bart De SchutterDelft University of Technology, the Netherlands Committee Member From TCs Richard D. Braatz Zdzislaw Kowalczuk Carlos Eduardo Pereira Alessandro Astolfi Alessandro Chiuso Guillaume MERCERE Tiago Roux Oliveira &hellip;<\/p>\n<p class=\"read-more\"> <a class=\"\" href=\"https:\/\/conferences.ifac-control.org\/cams2025\/ipc\/\"> <span class=\"screen-reader-text\">IPC<\/span> Read More &raquo;<\/a><\/p>\n","protected":false},"author":26,"featured_media":0,"parent":0,"menu_order":0,"comment_status":"closed","ping_status":"closed","template":"","meta":{"site-sidebar-layout":"default","site-content-layout":"default","ast-global-header-display":"","ast-main-header-display":"","ast-hfb-above-header-display":"","ast-hfb-below-header-display":"","ast-hfb-mobile-header-display":"","site-post-title":"disabled","ast-breadcrumbs-content":"","ast-featured-img":"","footer-sml-layout":"","theme-transparent-header-meta":"","adv-header-id-meta":"","stick-header-meta":"","header-above-stick-meta":"","header-main-stick-meta":"","header-below-stick-meta":"","footnotes":""},"class_list":["post-1623","page","type-page","status-publish","hentry"],"aioseo_notices":[],"_links":{"self":[{"href":"https:\/\/conferences.ifac-control.org\/cams2025\/wp-json\/wp\/v2\/pages\/1623"}],"collection":[{"href":"https:\/\/conferences.ifac-control.org\/cams2025\/wp-json\/wp\/v2\/pages"}],"about":[{"href":"https:\/\/conferences.ifac-control.org\/cams2025\/wp-json\/wp\/v2\/types\/page"}],"author":[{"embeddable":true,"href":"https:\/\/conferences.ifac-control.org\/cams2025\/wp-json\/wp\/v2\/users\/26"}],"replies":[{"embeddable":true,"href":"https:\/\/conferences.ifac-control.org\/cams2025\/wp-json\/wp\/v2\/comments?post=1623"}],"version-history":[{"count":16,"href":"https:\/\/conferences.ifac-control.org\/cams2025\/wp-json\/wp\/v2\/pages\/1623\/revisions"}],"predecessor-version":[{"id":1691,"href":"https:\/\/conferences.ifac-control.org\/cams2025\/wp-json\/wp\/v2\/pages\/1623\/revisions\/1691"}],"wp:attachment":[{"href":"https:\/\/conferences.ifac-control.org\/cams2025\/wp-json\/wp\/v2\/media?parent=1623"}],"curies":[{"name":"wp","href":"https:\/\/api.w.org\/{rel}","templated":true}]}}