{"id":23,"date":"2022-12-06T14:49:26","date_gmt":"2022-12-06T14:49:26","guid":{"rendered":"https:\/\/pocifac.themecloud.dev\/?page_id=23"},"modified":"2025-07-28T10:51:01","modified_gmt":"2025-07-28T08:51:01","slug":"venue","status":"publish","type":"page","link":"https:\/\/conferences.ifac-control.org\/cao2025\/venue\/","title":{"rendered":"Venue"},"content":{"rendered":"\n<div style=\"height:80px\" aria-hidden=\"true\" id=\"IFAC-conference-app\" class=\"wp-block-spacer\"><\/div>\n\n\n\n<h1 class=\"wp-block-heading has-text-align-center has-ast-global-color-0-color has-text-color\" style=\"font-size:48px\"><strong>VENUE<\/strong><\/h1>\n\n\n\n<div style=\"height:40px\" aria-hidden=\"true\" class=\"wp-block-spacer\"><\/div>\n\n\n\n<h2 class=\"wp-block-heading has-text-align-left has-ast-global-color-8-color has-text-color\" style=\"font-size:30px\"><strong>IFAC Conference App<\/strong><\/h2>\n\n\n\n<div style=\"height:20px\" aria-hidden=\"true\" class=\"wp-block-spacer\"><\/div>\n\n\n\n<p>The Conference is included in the IFAC Conference App which allows at all times of the conference<\/p>\n\n\n\n<ul class=\"wp-block-list\">\n<li>Access to technical program; access to full papers; search facilities on technical program and papers\/authors; creating personalized program (My program); other meeting schedules and social program;&nbsp;<\/li>\n\n\n\n<li>Vote, Q&amp;A, rating functionality for interactive sessions;&nbsp;<\/li>\n\n\n\n<li>Room plan of conference location; welcome address and local information;&nbsp;<\/li>\n\n\n\n<li>Connections with social networks ; peer to peer communication.<\/li>\n<\/ul>\n\n\n\n<div style=\"height:40px\" aria-hidden=\"true\" class=\"wp-block-spacer\"><\/div>\n\n\n\n<p class=\"has-text-align-center has-ast-global-color-8-color has-text-color\" style=\"margin-top:0px;margin-right:0px;margin-bottom:0px;margin-left:0px;padding-top:0px;padding-right:0px;padding-bottom:10px;padding-left:0px;font-size:26px\"><strong>Get the IFAC App<\/strong><\/p>\n\n\n\n<div class=\"wp-block-group alignwide is-content-justification-center is-nowrap is-layout-flex wp-container-core-group-is-layout-2 wp-block-group-is-layout-flex\" style=\"padding-top:0;padding-right:0;padding-bottom:0;padding-left:0\">\n<div class=\"inherit-container-width wp-block-group alignwide is-layout-constrained wp-block-group-is-layout-constrained\">\n<figure class=\"wp-block-image aligncenter is-resized has-custom-border\"><img loading=\"lazy\" decoding=\"async\" width=\"1000\" height=\"1000\" src=\"https:\/\/conferences.ifac-control.org\/cao2025\/wp-content\/uploads\/sites\/31\/2023\/04\/applelogo-4.png\" alt=\"\" class=\"wp-image-1150\" style=\"border-bottom-color:var(--wp--preset--color--ast-global-color-5);border-bottom-width:20px;width:85px;height:77px\" srcset=\"https:\/\/conferences.ifac-control.org\/cao2025\/wp-content\/uploads\/sites\/31\/2023\/04\/applelogo-4.png 1000w, https:\/\/conferences.ifac-control.org\/cao2025\/wp-content\/uploads\/sites\/31\/2023\/04\/applelogo-4-300x300.png 300w, https:\/\/conferences.ifac-control.org\/cao2025\/wp-content\/uploads\/sites\/31\/2023\/04\/applelogo-4-150x150.png 150w, https:\/\/conferences.ifac-control.org\/cao2025\/wp-content\/uploads\/sites\/31\/2023\/04\/applelogo-4-768x768.png 768w\" sizes=\"(max-width: 1000px) 100vw, 1000px\" \/><figcaption class=\"wp-element-caption\"><a href=\"https:\/\/apple.co\/3mpaER7\" target=\"_blank\" rel=\"noreferrer noopener\">Apple Store<\/a><\/figcaption><\/figure>\n<\/div>\n\n\n\n<figure class=\"wp-block-image aligncenter size-large is-resized has-custom-border\"><img loading=\"lazy\" decoding=\"async\" src=\"https:\/\/conferences.ifac-control.org\/cao2025\/wp-content\/uploads\/sites\/31\/2023\/04\/Frame-1-1024x725.png\" alt=\"\" class=\"wp-image-1169\" style=\"border-bottom-color:var(--wp--preset--color--ast-global-color-5);border-bottom-width:20px\" width=\"114\" height=\"77\" \/><figcaption class=\"wp-element-caption\"><a rel=\"noreferrer noopener\" href=\"https:\/\/bit.ly\/3lazFjx\" target=\"_blank\"><a rel=\"noreferrer noopener\" href=\"https:\/\/ifac.floq.live\" target=\"_blank\">Web App<\/a><\/a><\/figcaption><\/figure>\n\n\n\n<figure class=\"wp-block-image aligncenter size-large is-resized has-custom-border\"><img loading=\"lazy\" decoding=\"async\" width=\"961\" height=\"1024\" src=\"https:\/\/conferences.ifac-control.org\/cao2025\/wp-content\/uploads\/sites\/31\/2023\/04\/playstorelogo-1-961x1024.png\" alt=\"\" class=\"wp-image-1151\" style=\"border-bottom-color:var(--wp--preset--color--ast-global-color-5);border-bottom-width:20px;width:85px;height:77px\" srcset=\"https:\/\/conferences.ifac-control.org\/cao2025\/wp-content\/uploads\/sites\/31\/2023\/04\/playstorelogo-1-961x1024.png 961w, https:\/\/conferences.ifac-control.org\/cao2025\/wp-content\/uploads\/sites\/31\/2023\/04\/playstorelogo-1-281x300.png 281w, https:\/\/conferences.ifac-control.org\/cao2025\/wp-content\/uploads\/sites\/31\/2023\/04\/playstorelogo-1-768x819.png 768w, https:\/\/conferences.ifac-control.org\/cao2025\/wp-content\/uploads\/sites\/31\/2023\/04\/playstorelogo-1.png 1200w\" sizes=\"(max-width: 961px) 100vw, 961px\" \/><figcaption class=\"wp-element-caption\"><a href=\"https:\/\/bit.ly\/3lazFjx\" target=\"_blank\" rel=\"noreferrer noopener\">Google Play Store<\/a><\/figcaption><\/figure>\n<\/div>\n\n\n\n<div style=\"height:\" aria-hidden=\"true\" class=\"wp-block-spacer\"><\/div>\n\n\n\n<div style=\"height:70px\" aria-hidden=\"true\" id=\"conference-venue\" class=\"wp-block-spacer\"><\/div>\n\n\n\n<hr class=\"wp-block-separator has-text-color has-ast-global-color-8-color has-alpha-channel-opacity has-ast-global-color-8-background-color has-background is-style-wide\" \/>\n\n\n\n<h2 class=\"wp-block-heading has-text-align-left has-ast-global-color-8-color has-text-color\" style=\"font-size:30px\"><strong>Conference venue<\/strong><\/h2>\n\n\n\n<div style=\"height:20px\" aria-hidden=\"true\" class=\"wp-block-spacer\"><\/div>\n\n\n\n<div style=\"height:20px\" aria-hidden=\"true\" class=\"wp-block-spacer\"><\/div>\n\n\n\n<h5 class=\"wp-block-heading has-text-align-center has-ast-global-color-8-color has-text-color\" style=\"font-size:18px\"><strong>Name and address location<\/strong><\/h5>\n\n\n\n<p class=\"has-text-align-center\" style=\"font-size:14px\">AGH C6 &#8211; 3rd Floor &#8211; Centrum Energetyki<\/p>\n\n\n\n<p class=\"has-text-align-center\" style=\"font-size:14px\">Czarnowiejska 32A, 30-059 Krak\u00f3w, Poland<br><br><a href=\"https:\/\/maps.app.goo.gl\/DTELeNYwVQL32L17A\" target=\"_blank\" rel=\"noopener\" title=\"\">Location<\/a><\/p>\n\n\n\n\n\n<div style=\"height:\" aria-hidden=\"true\" class=\"wp-block-spacer\"><\/div>\n\n\n\n<hr class=\"wp-block-separator has-text-color has-ast-global-color-8-color has-alpha-channel-opacity has-ast-global-color-8-background-color has-background is-style-wide\" \/>\n\n\n\n<div style=\"height:20px\" aria-hidden=\"true\" class=\"wp-block-spacer\"><\/div>\n\n\n\n<h2 class=\"wp-block-heading has-text-align-left has-ast-global-color-8-color has-text-color\" style=\"font-size:30px\"><strong>Hotels<\/strong><\/h2>\n\n\n\n<div style=\"height:20px\" aria-hidden=\"true\" class=\"wp-block-spacer\"><\/div>\n\n\n\n<div class=\"inherit-container-width wp-block-group alignwide is-layout-constrained wp-container-core-group-is-layout-3 wp-block-group-is-layout-constrained\" style=\"padding-top:0px;padding-right:0px;padding-bottom:0px;padding-left:0px\">\n<div class=\"wp-block-media-text alignwide has-media-on-the-right is-stacked-on-mobile is-vertically-aligned-top\" style=\"padding-right:2rem;padding-left:2rem\"><div class=\"wp-block-media-text__content\">\n<p style=\"font-size:14px\"><strong>Hotel POLONEZ<\/strong><\/p>\n\n\n\n<p style=\"font-size:14px\">3 stars hotel<br>ul. Reymonta 15<br>30-059 Krak\u00f3w<br>Poland<br>tel. +48 (12) 292 82 94<br>e-mail: recepcja@hotel-polonez.pl<br><a href=\"https:\/\/hotelpolonez.pl\/\" target=\"_blank\" rel=\"noopener\" title=\"\">https:\/\/hotelpolonez.pl<\/a><\/p>\n\n\n\n<p style=\"font-size:14px\"><\/p>\n\n\n\n<p><\/p>\n<\/div><figure class=\"wp-block-media-text__media\"><img loading=\"lazy\" decoding=\"async\" width=\"243\" height=\"174\" src=\"https:\/\/conferences.ifac-control.org\/cao2025\/wp-content\/uploads\/sites\/31\/2025\/06\/Hotel_polonez.jpg\" alt=\"\" class=\"wp-image-1260 size-full\" \/><\/figure><\/div>\n\n\n\n<div style=\"height:20px\" aria-hidden=\"true\" class=\"wp-block-spacer\"><\/div>\n\n\n\n<div style=\"height:40px\" aria-hidden=\"true\" class=\"wp-block-spacer\"><\/div>\n\n\n\n<div class=\"wp-block-media-text alignwide is-stacked-on-mobile is-vertically-aligned-top\" style=\"padding-right:2rem;padding-left:2rem\"><figure class=\"wp-block-media-text__media\"><img loading=\"lazy\" decoding=\"async\" width=\"800\" height=\"529\" src=\"https:\/\/conferences.ifac-control.org\/cao2025\/wp-content\/uploads\/sites\/31\/2025\/06\/Hotel_marriot.jpg\" alt=\"\" class=\"wp-image-1262 size-full\" srcset=\"https:\/\/conferences.ifac-control.org\/cao2025\/wp-content\/uploads\/sites\/31\/2025\/06\/Hotel_marriot.jpg 800w, https:\/\/conferences.ifac-control.org\/cao2025\/wp-content\/uploads\/sites\/31\/2025\/06\/Hotel_marriot-300x198.jpg 300w, https:\/\/conferences.ifac-control.org\/cao2025\/wp-content\/uploads\/sites\/31\/2025\/06\/Hotel_marriot-768x508.jpg 768w\" sizes=\"(max-width: 800px) 100vw, 800px\" \/><\/figure><div class=\"wp-block-media-text__content\">\n<p style=\"font-size:14px\"><strong>AC Hotel by Marriott Krakow<\/strong><\/p>\n\n\n\n<p style=\"font-size:14px\">4 stars hotel<br>al. 3 Maja 51, 30-062 Krak\u00f3w<br>Poland<br>Tel.: +48 12 629 97 00<br><a href=\"https:\/\/www.marriott.com\/en-us\/hotels\/krkac-ac-hotel-krakow\/overview\/\" target=\"_blank\" rel=\"noopener\" title=\"\">https:\/\/www.marriott.com\/en-us\/hotels\/krkac-ac-hotel-krakow\/overview\/<\/a><\/p>\n\n\n\n<p style=\"font-size:14px\"><\/p>\n\n\n\n<p><\/p>\n<\/div><\/div>\n\n\n\n<div style=\"height:20px\" aria-hidden=\"true\" class=\"wp-block-spacer\"><\/div>\n\n\n\n<div class=\"wp-block-media-text alignwide has-media-on-the-right is-stacked-on-mobile is-vertically-aligned-top\" style=\"padding-right:2rem;padding-left:2rem\"><div class=\"wp-block-media-text__content\">\n<p style=\"font-size:14px\"><strong>Novotel Krak\u00f3w City West<\/strong><\/p>\n\n\n\n<p style=\"font-size:14px\">4 stars hotel<br>Armii Krajowej 11, 30-150 Krak\u00f3w<br>Poland<br>Tel.: +48 12 622 64 00<br><a href=\"https:\/\/all.accor.com\/hotel\/3407\/index.en.shtml?utm_campaign=seo+maps&amp;utm_medium=seo+maps&amp;utm_source=google+Maps\" target=\"_blank\" rel=\"noopener\" title=\"\">https:\/\/all.accor.com\/hotel\/3407<\/a><\/p>\n\n\n\n<p style=\"font-size:14px\"><\/p>\n\n\n\n<p style=\"font-size:14px\"><\/p>\n\n\n\n<p><\/p>\n<\/div><figure class=\"wp-block-media-text__media\"><img loading=\"lazy\" decoding=\"async\" width=\"800\" height=\"621\" src=\"https:\/\/conferences.ifac-control.org\/cao2025\/wp-content\/uploads\/sites\/31\/2025\/06\/Hotel_novotel.jpg\" alt=\"\" class=\"wp-image-1263 size-full\" srcset=\"https:\/\/conferences.ifac-control.org\/cao2025\/wp-content\/uploads\/sites\/31\/2025\/06\/Hotel_novotel.jpg 800w, https:\/\/conferences.ifac-control.org\/cao2025\/wp-content\/uploads\/sites\/31\/2025\/06\/Hotel_novotel-300x233.jpg 300w, https:\/\/conferences.ifac-control.org\/cao2025\/wp-content\/uploads\/sites\/31\/2025\/06\/Hotel_novotel-768x596.jpg 768w\" sizes=\"(max-width: 800px) 100vw, 800px\" \/><\/figure><\/div>\n\n\n\n<p><\/p>\n\n\n\n<div class=\"wp-block-media-text alignwide is-stacked-on-mobile is-vertically-aligned-top\" style=\"padding-right:2rem;padding-left:2rem;grid-template-columns:33% auto\"><figure class=\"wp-block-media-text__media\"><img loading=\"lazy\" decoding=\"async\" width=\"225\" height=\"225\" src=\"https:\/\/conferences.ifac-control.org\/cao2025\/wp-content\/uploads\/sites\/31\/2025\/06\/Hotel_krupnicza30-3.jpg\" alt=\"\" class=\"wp-image-1269 size-full\" srcset=\"https:\/\/conferences.ifac-control.org\/cao2025\/wp-content\/uploads\/sites\/31\/2025\/06\/Hotel_krupnicza30-3.jpg 225w, https:\/\/conferences.ifac-control.org\/cao2025\/wp-content\/uploads\/sites\/31\/2025\/06\/Hotel_krupnicza30-3-150x150.jpg 150w\" sizes=\"(max-width: 225px) 100vw, 225px\" \/><\/figure><div class=\"wp-block-media-text__content\">\n<p style=\"font-size:14px\"><strong>Hotel Krupnicza 30<\/strong><\/p>\n\n\n\n<p style=\"font-size:14px\">4 stars hotel<br>Krupnicza 30, 31-123 Krak\u00f3w<br>Poland<br>Tel.: +48 690 624 267<br><a href=\"https:\/\/www.larishotels.com\/hotel-krupnicza-30\" target=\"_blank\" rel=\"noopener\" title=\"\">https:\/\/www.larishotels.com\/hotel-krupnicza-30<\/a><\/p>\n\n\n\n<p style=\"font-size:14px\"><\/p>\n\n\n\n<p style=\"font-size:14px\"><\/p>\n\n\n\n<p><\/p>\n<\/div><\/div>\n\n\n\n<p><\/p>\n\n\n\n<div class=\"wp-block-media-text alignwide has-media-on-the-right is-stacked-on-mobile is-vertically-aligned-top\" style=\"padding-right:2rem;padding-left:2rem\"><div class=\"wp-block-media-text__content\">\n<p style=\"font-size:14px\"><strong>Rajska Residence<\/strong><\/p>\n\n\n\n<p style=\"font-size:14px\">4 stars hotel<br>Rajska 20, 31-124 Krak\u00f3w<br>Poland<br>Tel.: +48 453 057 690<br><a href=\"https:\/\/www.larishotels.com\/rajska-residence\" target=\"_blank\" rel=\"noopener\" title=\"\">https:\/\/www.larishotels.com\/rajska-residence<\/a><\/p>\n\n\n\n<p style=\"font-size:14px\"><\/p>\n\n\n\n<p style=\"font-size:14px\"><\/p>\n\n\n\n<p style=\"font-size:14px\"><\/p>\n\n\n\n<p><\/p>\n<\/div><figure class=\"wp-block-media-text__media\"><img loading=\"lazy\" decoding=\"async\" width=\"255\" height=\"170\" src=\"https:\/\/conferences.ifac-control.org\/cao2025\/wp-content\/uploads\/sites\/31\/2025\/06\/Hotel_rajska.jpg\" alt=\"\" class=\"wp-image-1270 size-full\" \/><\/figure><\/div>\n\n\n\n<p><\/p>\n\n\n\n<div class=\"wp-block-media-text alignwide is-stacked-on-mobile is-vertically-aligned-top\" style=\"padding-right:2rem;padding-left:2rem;grid-template-columns:33% auto\"><figure class=\"wp-block-media-text__media\"><img loading=\"lazy\" decoding=\"async\" width=\"225\" height=\"169\" src=\"https:\/\/conferences.ifac-control.org\/cao2025\/wp-content\/uploads\/sites\/31\/2025\/07\/Hotel_Turnau.jpeg\" alt=\"\" class=\"wp-image-1356 size-full\" \/><\/figure><div class=\"wp-block-media-text__content\">\n<p style=\"font-size:14px\"><strong>Turnau City Aparthotel<\/strong><\/p>\n\n\n\n<p style=\"font-size:14px\">ul. Szlak 50\/220; 31-153 Krak\u00f3w<br>+48 606 100 717; +48 12 631 05 50;<br><a href=\"mailto:info@turnau.eu\">info@turnau.eu<\/a><\/p>\n\n\n\n<p style=\"font-size:14px\"><\/p>\n\n\n\n<p style=\"font-size:14px\"><\/p>\n\n\n\n<p style=\"font-size:14px\"><\/p>\n\n\n\n<p><\/p>\n<\/div><\/div>\n\n\n\n<p><\/p>\n<\/div>\n\n\n\n<div style=\"height:70px\" aria-hidden=\"true\" id=\"tourism\" class=\"wp-block-spacer\"><\/div>\n\n\n\n<hr class=\"wp-block-separator has-text-color has-ast-global-color-8-color has-alpha-channel-opacity has-ast-global-color-8-background-color has-background is-style-wide\" \/>\n\n\n\n<div style=\"height:80px\" aria-hidden=\"true\" class=\"wp-block-spacer\"><\/div>\n\n\n\n<h2 class=\"wp-block-heading has-text-align-left has-ast-global-color-8-color has-text-color\" style=\"font-size:30px\"><strong>Tourism<\/strong><\/h2>\n\n\n\n<div style=\"height:20px\" aria-hidden=\"true\" class=\"wp-block-spacer\"><\/div>\n\n\n\n<div class=\"wp-block-media-text alignwide is-stacked-on-mobile is-vertically-aligned-center\"><figure class=\"wp-block-media-text__media\"><img loading=\"lazy\" decoding=\"async\" width=\"800\" height=\"430\" src=\"https:\/\/conferences.ifac-control.org\/cao2025\/wp-content\/uploads\/sites\/31\/2025\/06\/Krakow_main_square.jpg\" alt=\"\" class=\"wp-image-1252 size-full\" srcset=\"https:\/\/conferences.ifac-control.org\/cao2025\/wp-content\/uploads\/sites\/31\/2025\/06\/Krakow_main_square.jpg 800w, https:\/\/conferences.ifac-control.org\/cao2025\/wp-content\/uploads\/sites\/31\/2025\/06\/Krakow_main_square-300x161.jpg 300w, https:\/\/conferences.ifac-control.org\/cao2025\/wp-content\/uploads\/sites\/31\/2025\/06\/Krakow_main_square-768x413.jpg 768w\" sizes=\"(max-width: 800px) 100vw, 800px\" \/><\/figure><div class=\"wp-block-media-text__content\">\n<h5 class=\"wp-block-heading has-ast-global-color-8-color has-text-color\" style=\"font-size:18px\"><strong>City of Krakow<\/strong><\/h5>\n\n\n\n<p style=\"font-size:14px\">Krakow is a city with a thousand years of history, the former seat of Polish kings and the capital of the country, and today one of the most important European metropolises. Krakow&#8217;s Old Town is a unique treasure trove of works of art, historical memorabilia and monuments that represent almost all architectural styles &#8211; from the Middle Ages to modern times.<br><a href=\"https:\/\/www.krakow.pl\/turystyka\/148981,artykul,miasto-krakow.html\" target=\"_blank\" rel=\"noopener\" title=\"\">Read more<\/a><\/p>\n<\/div><\/div>\n\n\n\n<div style=\"height:20px\" aria-hidden=\"true\" class=\"wp-block-spacer\"><\/div>\n\n\n\n<div class=\"wp-block-media-text alignwide has-media-on-the-right is-stacked-on-mobile\"><div class=\"wp-block-media-text__content\">\n<h5 class=\"wp-block-heading has-ast-global-color-8-color has-text-color\" style=\"font-size:18px\"><strong>Wawel Royal Castle<\/strong><\/h5>\n\n\n\n<p style=\"font-size:14px\">Wawel Castle is a limestone hill in the center of Krakow, on the Vistula River, with a complex of monumental monuments of exceptional historical and artistic value. This remarkable sanctuary defines the identity of Poles and is their national and cultural symbol. Wawel was the seat of Polish rulers, their necropolis and the place where Polish history was shaped.<br><a href=\"https:\/\/www.krakow.pl\/turystyka\/1356,artykul,zamek-krolewski-na-wawelu.html\" target=\"_blank\" rel=\"noopener\" title=\"\">Read more<\/a><\/p>\n\n\n\n<p><\/p>\n<\/div><figure class=\"wp-block-media-text__media\"><img loading=\"lazy\" decoding=\"async\" width=\"800\" height=\"532\" src=\"https:\/\/conferences.ifac-control.org\/cao2025\/wp-content\/uploads\/sites\/31\/2025\/06\/Krakow_wawel_castle.jpg\" alt=\"\" class=\"wp-image-1253 size-full\" srcset=\"https:\/\/conferences.ifac-control.org\/cao2025\/wp-content\/uploads\/sites\/31\/2025\/06\/Krakow_wawel_castle.jpg 800w, https:\/\/conferences.ifac-control.org\/cao2025\/wp-content\/uploads\/sites\/31\/2025\/06\/Krakow_wawel_castle-300x200.jpg 300w, https:\/\/conferences.ifac-control.org\/cao2025\/wp-content\/uploads\/sites\/31\/2025\/06\/Krakow_wawel_castle-768x511.jpg 768w\" sizes=\"(max-width: 800px) 100vw, 800px\" \/><\/figure><\/div>\n\n\n\n<div style=\"height:20px\" aria-hidden=\"true\" class=\"wp-block-spacer\"><\/div>\n\n\n\n<div class=\"wp-block-media-text alignwide is-stacked-on-mobile\"><figure class=\"wp-block-media-text__media\"><img loading=\"lazy\" decoding=\"async\" width=\"800\" height=\"533\" src=\"https:\/\/conferences.ifac-control.org\/cao2025\/wp-content\/uploads\/sites\/31\/2025\/06\/Krakow_podgorze.jpg\" alt=\"\" class=\"wp-image-1256 size-full\" srcset=\"https:\/\/conferences.ifac-control.org\/cao2025\/wp-content\/uploads\/sites\/31\/2025\/06\/Krakow_podgorze.jpg 800w, https:\/\/conferences.ifac-control.org\/cao2025\/wp-content\/uploads\/sites\/31\/2025\/06\/Krakow_podgorze-300x200.jpg 300w, https:\/\/conferences.ifac-control.org\/cao2025\/wp-content\/uploads\/sites\/31\/2025\/06\/Krakow_podgorze-768x512.jpg 768w\" sizes=\"(max-width: 800px) 100vw, 800px\" \/><\/figure><div class=\"wp-block-media-text__content\">\n<h5 class=\"wp-block-heading has-ast-global-color-8-color has-text-color\" style=\"font-size:18px\"><strong>Churches<\/strong><\/h5>\n\n\n\n<p style=\"font-size:14px\">Krakow for centuries was the capital of Poland, the seat of royal and ecclesiastical power. In this city, tradition and history are of great importance &#8211; churches, monasteries and other religious buildings are one of the main elements that make up its historic character. Religion is an integral part of the history and collective identity of Poles. The historical map of Krakow now includes about 360 historic churches, most of them of undoubted historical significance.<br><a href=\"https:\/\/www.krakow.pl\/turystyka\/1357,artykul,koscioly.html\" target=\"_blank\" rel=\"noopener\" title=\"\">Read more<\/a><\/p>\n<\/div><\/div>\n\n\n\n<p><\/p>\n\n\n\n<div class=\"wp-block-media-text alignwide has-media-on-the-right is-stacked-on-mobile\"><div class=\"wp-block-media-text__content\">\n<h5 class=\"wp-block-heading has-ast-global-color-8-color has-text-color\" style=\"font-size:18px\"><strong>Krakow&#8217;s Kazimierz <\/strong><\/h5>\n\n\n\n<p style=\"font-size:14px\">Krakow&#8217;s Kazimierz is a special place, shaped by centuries of Christian-Jewish neighborliness. Jews appeared in Kazimierz in the middle of the 14th century and until the beginning of the 19th century lived in the territory of the \u201cJewish city,\u201d enclosed within today&#8217;s Miodowa, St. Lawrence, W\u0105ska, J\u00f3zefa and Bo\u017cego Cia\u0142a streets. It was an autonomous enclave &#8211; Jews governed themselves there &#8211; over them they had only the king, on whose behalf authority was exercised by the governor of Krakow.<br><a href=\"https:\/\/www.krakow.pl\/turystyka\/1362,artykul,zydowski-kazimierz.html\" target=\"_blank\" rel=\"noopener\" title=\"\">Read more<\/a><\/p>\n<\/div><figure class=\"wp-block-media-text__media\"><img loading=\"lazy\" decoding=\"async\" width=\"800\" height=\"533\" src=\"https:\/\/conferences.ifac-control.org\/cao2025\/wp-content\/uploads\/sites\/31\/2025\/06\/Krakow_kazimierz-2.jpg\" alt=\"\" class=\"wp-image-1258 size-full\" srcset=\"https:\/\/conferences.ifac-control.org\/cao2025\/wp-content\/uploads\/sites\/31\/2025\/06\/Krakow_kazimierz-2.jpg 800w, https:\/\/conferences.ifac-control.org\/cao2025\/wp-content\/uploads\/sites\/31\/2025\/06\/Krakow_kazimierz-2-300x200.jpg 300w, https:\/\/conferences.ifac-control.org\/cao2025\/wp-content\/uploads\/sites\/31\/2025\/06\/Krakow_kazimierz-2-768x512.jpg 768w\" sizes=\"(max-width: 800px) 100vw, 800px\" \/><\/figure><\/div>\n\n\n\n<p><\/p>\n\n\n\n<div class=\"wp-block-media-text alignwide is-stacked-on-mobile\"><figure class=\"wp-block-media-text__media\"><img loading=\"lazy\" decoding=\"async\" width=\"600\" height=\"399\" src=\"https:\/\/conferences.ifac-control.org\/cao2025\/wp-content\/uploads\/sites\/31\/2025\/06\/Wieliczka_salt_mine-3.jpg\" alt=\"\" class=\"wp-image-1283 size-full\" srcset=\"https:\/\/conferences.ifac-control.org\/cao2025\/wp-content\/uploads\/sites\/31\/2025\/06\/Wieliczka_salt_mine-3.jpg 600w, https:\/\/conferences.ifac-control.org\/cao2025\/wp-content\/uploads\/sites\/31\/2025\/06\/Wieliczka_salt_mine-3-300x200.jpg 300w\" sizes=\"(max-width: 600px) 100vw, 600px\" \/><\/figure><div class=\"wp-block-media-text__content\">\n<h5 class=\"wp-block-heading has-ast-global-color-8-color has-text-color\" style=\"font-size:18px\"><strong>Wieliczka Salt Mine<\/strong><\/h5>\n\n\n\n<p style=\"font-size:14px\">As legend has it, the Wieliczka salt mine (12 km from Krakow) owes its existence to the Hungarian princess Kinga, wife of Prince Boleslaw the Chaste. Kinga threw an engagement ring into a salt shaft in Hungary, and when the wedding retinue was approaching Krakow, she pointed out the place where she ordered the jewel to be unearthed. This is how the extensive salt deposits in Wieliczka were encountered. However, excavations prove that salt was brewed in the area as early as 3,000 BC. The oldest mining shaft was created in the 13th century, at which time Wieliczka was granted city rights. For 700 years, miners drilled 26 shafts and more than 2,000 chambers in the salt seams on 9 underground levels, with depths ranging from 57 to 327 meters. They are connected by walkways and shafts with a total length of 350 km.<br><a href=\"https:\/\/www.wieliczka-saltmine.com\/individual-tourist\/about-the-mine\" target=\"_blank\" rel=\"noopener\" title=\"\">Read more<\/a><\/p>\n<\/div><\/div>\n\n\n\n<div style=\"height:70px\" aria-hidden=\"true\" id=\"visa-and-other-travel-information\" class=\"wp-block-spacer\"><\/div>\n\n\n\n<hr class=\"wp-block-separator has-text-color has-ast-global-color-8-color has-alpha-channel-opacity has-ast-global-color-8-background-color has-background is-style-wide\" \/>\n\n\n\n<div style=\"height:20px\" aria-hidden=\"true\" class=\"wp-block-spacer\"><\/div>\n\n\n\n<p style=\"font-size:14px\"><\/p>\n\n\n\n<p style=\"font-size:14px\"><\/p>\n\n\n\n<div style=\"height:\" aria-hidden=\"true\" class=\"wp-block-spacer\"><\/div>\n\n\n\n<div style=\"height:150px\" aria-hidden=\"true\" class=\"wp-block-spacer\"><\/div>\n","protected":false},"excerpt":{"rendered":"<p>VENUE IFAC Conference App The Conference is included in the IFAC Conference App which allows at all times of the conference Get the IFAC App Conference venue Name and address location AGH C6 &#8211; 3rd Floor &#8211; Centrum Energetyki Czarnowiejska 32A, 30-059 Krak\u00f3w, Poland Location Hotels Hotel POLONEZ 3 stars hotelul. Reymonta 1530-059 Krak\u00f3wPolandtel. +48 &hellip;<\/p>\n<p class=\"read-more\"> <a class=\"\" href=\"https:\/\/conferences.ifac-control.org\/cao2025\/venue\/\"> <span class=\"screen-reader-text\">Venue<\/span> Read More &raquo;<\/a><\/p>\n","protected":false},"author":2,"featured_media":0,"parent":0,"menu_order":0,"comment_status":"closed","ping_status":"closed","template":"","meta":{"site-sidebar-layout":"default","site-content-layout":"default","ast-global-header-display":"","ast-main-header-display":"","ast-hfb-above-header-display":"","ast-hfb-below-header-display":"","ast-hfb-mobile-header-display":"","site-post-title":"disabled","ast-breadcrumbs-content":"","ast-featured-img":"","footer-sml-layout":"","theme-transparent-header-meta":"","adv-header-id-meta":"","stick-header-meta":"","header-above-stick-meta":"","header-main-stick-meta":"","header-below-stick-meta":"","footnotes":""},"class_list":["post-23","page","type-page","status-publish","hentry"],"aioseo_notices":[],"_links":{"self":[{"href":"https:\/\/conferences.ifac-control.org\/cao2025\/wp-json\/wp\/v2\/pages\/23"}],"collection":[{"href":"https:\/\/conferences.ifac-control.org\/cao2025\/wp-json\/wp\/v2\/pages"}],"about":[{"href":"https:\/\/conferences.ifac-control.org\/cao2025\/wp-json\/wp\/v2\/types\/page"}],"author":[{"embeddable":true,"href":"https:\/\/conferences.ifac-control.org\/cao2025\/wp-json\/wp\/v2\/users\/2"}],"replies":[{"embeddable":true,"href":"https:\/\/conferences.ifac-control.org\/cao2025\/wp-json\/wp\/v2\/comments?post=23"}],"version-history":[{"count":65,"href":"https:\/\/conferences.ifac-control.org\/cao2025\/wp-json\/wp\/v2\/pages\/23\/revisions"}],"predecessor-version":[{"id":1415,"href":"https:\/\/conferences.ifac-control.org\/cao2025\/wp-json\/wp\/v2\/pages\/23\/revisions\/1415"}],"wp:attachment":[{"href":"https:\/\/conferences.ifac-control.org\/cao2025\/wp-json\/wp\/v2\/media?parent=23"}],"curies":[{"name":"wp","href":"https:\/\/api.w.org\/{rel}","templated":true}]}}