{"id":23,"date":"2022-12-06T14:49:26","date_gmt":"2022-12-06T14:49:26","guid":{"rendered":"https:\/\/pocifac.themecloud.dev\/?page_id=23"},"modified":"2025-09-22T14:45:32","modified_gmt":"2025-09-22T12:45:32","slug":"venue","status":"publish","type":"page","link":"https:\/\/conferences.ifac-control.org\/icfda2025\/venue\/","title":{"rendered":"Venue"},"content":{"rendered":"\n<div style=\"height:80px\" aria-hidden=\"true\" id=\"IFAC-conference-app\" class=\"wp-block-spacer\"><\/div>\n\n\n\n<h1 class=\"wp-block-heading has-text-align-center has-ast-global-color-0-color has-text-color\" style=\"font-size:48px\"><strong>VENUE<\/strong><\/h1>\n\n\n\n<div style=\"height:40px\" aria-hidden=\"true\" class=\"wp-block-spacer\"><\/div>\n\n\n\n<hr class=\"wp-block-separator has-text-color has-ast-global-color-8-color has-alpha-channel-opacity has-ast-global-color-8-background-color has-background is-style-wide\" \/>\n\n\n\n<h2 class=\"wp-block-heading has-text-align-left has-ast-global-color-8-color has-text-color\" style=\"font-size:30px\"><strong>Conference venue<\/strong>: Mercure Hotel Airport<\/h2>\n\n\n\n<div style=\"height:20px\" aria-hidden=\"true\" class=\"wp-block-spacer\"><\/div>\n\n\n\n<figure class=\"wp-block-gallery alignfull has-nested-images columns-default is-cropped wp-block-gallery-1 is-layout-flex wp-block-gallery-is-layout-flex\">\n<figure class=\"wp-block-image size-full\"><img loading=\"lazy\" decoding=\"async\" width=\"2048\" height=\"1536\" data-id=\"1477\" src=\"https:\/\/conferences.ifac-control.org\/icfda2025\/wp-content\/uploads\/sites\/30\/2025\/07\/3173_ho_01_p_2048x1536.jpg\" alt=\"\" class=\"wp-image-1477\" srcset=\"https:\/\/conferences.ifac-control.org\/icfda2025\/wp-content\/uploads\/sites\/30\/2025\/07\/3173_ho_01_p_2048x1536.jpg 2048w, https:\/\/conferences.ifac-control.org\/icfda2025\/wp-content\/uploads\/sites\/30\/2025\/07\/3173_ho_01_p_2048x1536-300x225.jpg 300w, https:\/\/conferences.ifac-control.org\/icfda2025\/wp-content\/uploads\/sites\/30\/2025\/07\/3173_ho_01_p_2048x1536-1024x768.jpg 1024w, https:\/\/conferences.ifac-control.org\/icfda2025\/wp-content\/uploads\/sites\/30\/2025\/07\/3173_ho_01_p_2048x1536-768x576.jpg 768w, https:\/\/conferences.ifac-control.org\/icfda2025\/wp-content\/uploads\/sites\/30\/2025\/07\/3173_ho_01_p_2048x1536-1536x1152.jpg 1536w\" sizes=\"(max-width: 2048px) 100vw, 2048px\" \/><\/figure>\n<\/figure>\n\n\n\n<div style=\"height:20px\" aria-hidden=\"true\" class=\"wp-block-spacer\"><\/div>\n\n\n\n<h5 class=\"wp-block-heading has-text-align-center has-ast-global-color-8-color has-text-color\" style=\"font-size:18px\"><strong><a href=\"https:\/\/www.marriott.com\/en-us\/hotels\/algmc-algiers-marriott-hotel-bab-ezzouar\/overview\/\" target=\"_blank\" rel=\"noopener\" title=\"\">H\u00f4tel Mercure Alger A\u00e9roport<\/a><\/strong>****<\/h5>\n\n\n\n<div class=\"wp-block-columns has-cyan-bluish-gray-background-color has-background is-layout-flex wp-container-core-columns-is-layout-3 wp-block-columns-is-layout-flex\">\n<div class=\"wp-block-column is-layout-flow wp-block-column-is-layout-flow\" style=\"flex-basis:33.33%\">\n<p class=\"has-ast-global-color-5-color has-text-color has-link-color wp-elements-3b4ff3896150712b9d5403423edc8a1d\"><strong>Address: <\/strong><br><a href=\"https:\/\/www.marriott.com\/en-us\/hotels\/algmc-algiers-marriott-hotel-bab-ezzouar\/overview\/\" target=\"_blank\" rel=\"noopener\" title=\"\">H\u00f4tel Mercure Alger A\u00e9roport<\/a><br>B.P. 12, 5 Juillet, Route de l&#8217;universit\u00e9, Bab Ezzouar, 16110 ALGER, Alg\u00e9rie<\/p>\n\n\n\n<p class=\"has-ast-global-color-5-color has-text-color has-link-color wp-elements-3c31fa75513453cbc64c8c0a18c6f22b\"><strong>Phone<\/strong>:&nbsp;&nbsp;<a href=\"tel:+213%200-23741313%20\">+213 21 99 34 00<\/a><\/p>\n\n\n\n<details class=\"wp-block-details has-ast-global-color-4-color has-text-color has-link-color wp-elements-36e8d729986719d9b046b02e0aca715f is-layout-flow wp-block-details-is-layout-flow\"><summary>Houari Boumlediene Airport<\/summary>\n<p class=\"has-ast-global-color-5-color has-text-color has-link-color wp-elements-f2285d8e14ec8634632d29c50435639a\">Distance From Property: 3.0 KM<br>Phone Number:&nbsp;&nbsp;+213 21-50 91 91&nbsp;<br>Airport Shuttle:&nbsp;Free shuttles are available.<\/p>\n<\/details>\n\n\n\n<details class=\"wp-block-details has-ast-global-color-4-color has-text-color has-link-color wp-elements-712d4a4663372c5e25c4d262b301c1c6 is-layout-flow wp-block-details-is-layout-flow\" open><summary>Railway station:&nbsp;Bab Ezzouar<\/summary>\n<p><\/p>\n<\/details>\n<\/div>\n\n\n\n<div class=\"wp-block-column is-layout-flow wp-block-column-is-layout-flow\"><\/div>\n\n\n\n<div class=\"wp-block-column is-layout-flow wp-block-column-is-layout-flow\" style=\"flex-basis:66.66%\">\n<div class=\"wp-block-columns is-layout-flex wp-container-core-columns-is-layout-2 wp-block-columns-is-layout-flex\">\n<div class=\"wp-block-column is-layout-flow wp-block-column-is-layout-flow\" style=\"flex-basis:100%\">\n<div class=\"wp-block-columns is-layout-flex wp-container-core-columns-is-layout-1 wp-block-columns-is-layout-flex\">\n<div class=\"wp-block-column is-layout-flow wp-block-column-is-layout-flow\" style=\"flex-basis:100%\"><\/div>\n<\/div>\n<\/div>\n<\/div>\n\n\n<\/div>\n<\/div>\n\n\n\n<figure class=\"wp-block-table\"><table class=\"has-cyan-bluish-gray-background-color has-background has-fixed-layout\"><thead><tr><th>Fees<\/th><th>Single bedroom per night<\/th><th>Double bedroom per night<\/th><\/tr><\/thead><tbody><tr><td>Fees for residents <\/td><td>10 500 DA<\/td><td>12 500 DA<\/td><\/tr><tr><td>Fees for foreigners<\/td><td>70 \u20ac<\/td><td>64 \u20ac<\/td><\/tr><\/tbody><\/table><figcaption class=\"wp-element-caption\">*<em>Prices are given with breakfast included.<\/em><\/figcaption><\/figure>\n\n\n\n<hr class=\"wp-block-separator has-alpha-channel-opacity is-style-wide\" \/>\n\n\n\n<hr class=\"wp-block-separator has-text-color has-ast-global-color-8-color has-alpha-channel-opacity has-ast-global-color-8-background-color has-background is-style-wide\" \/>\n\n\n\n<h2 class=\"wp-block-heading has-text-align-left has-ast-global-color-8-color has-text-color\" style=\"font-size:30px\"><\/h2>\n\n\n\n<div style=\"height:20px\" aria-hidden=\"true\" class=\"wp-block-spacer\"><\/div>\n\n\n\n<p><\/p>\n","protected":false},"excerpt":{"rendered":"<p>VENUE Conference venue: Mercure Hotel Airport H\u00f4tel Mercure Alger A\u00e9roport**** Address: H\u00f4tel Mercure Alger A\u00e9roportB.P. 12, 5 Juillet, Route de l&#8217;universit\u00e9, Bab Ezzouar, 16110 ALGER, Alg\u00e9rie Phone:&nbsp;&nbsp;+213 21 99 34 00 Fees Single bedroom per night Double bedroom per night Fees for residents 10 500 DA 12 500 DA Fees for foreigners 70 \u20ac 64 &hellip;<\/p>\n<p class=\"read-more\"> <a class=\"\" href=\"https:\/\/conferences.ifac-control.org\/icfda2025\/venue\/\"> <span class=\"screen-reader-text\">Venue<\/span> Read More &raquo;<\/a><\/p>\n","protected":false},"author":2,"featured_media":0,"parent":0,"menu_order":0,"comment_status":"closed","ping_status":"closed","template":"","meta":{"site-sidebar-layout":"default","site-content-layout":"default","ast-global-header-display":"","ast-main-header-display":"","ast-hfb-above-header-display":"","ast-hfb-below-header-display":"","ast-hfb-mobile-header-display":"","site-post-title":"disabled","ast-breadcrumbs-content":"","ast-featured-img":"","footer-sml-layout":"","theme-transparent-header-meta":"","adv-header-id-meta":"","stick-header-meta":"","header-above-stick-meta":"","header-main-stick-meta":"","header-below-stick-meta":"","footnotes":""},"class_list":["post-23","page","type-page","status-publish","hentry"],"aioseo_notices":[],"_links":{"self":[{"href":"https:\/\/conferences.ifac-control.org\/icfda2025\/wp-json\/wp\/v2\/pages\/23"}],"collection":[{"href":"https:\/\/conferences.ifac-control.org\/icfda2025\/wp-json\/wp\/v2\/pages"}],"about":[{"href":"https:\/\/conferences.ifac-control.org\/icfda2025\/wp-json\/wp\/v2\/types\/page"}],"author":[{"embeddable":true,"href":"https:\/\/conferences.ifac-control.org\/icfda2025\/wp-json\/wp\/v2\/users\/2"}],"replies":[{"embeddable":true,"href":"https:\/\/conferences.ifac-control.org\/icfda2025\/wp-json\/wp\/v2\/comments?post=23"}],"version-history":[{"count":81,"href":"https:\/\/conferences.ifac-control.org\/icfda2025\/wp-json\/wp\/v2\/pages\/23\/revisions"}],"predecessor-version":[{"id":1501,"href":"https:\/\/conferences.ifac-control.org\/icfda2025\/wp-json\/wp\/v2\/pages\/23\/revisions\/1501"}],"wp:attachment":[{"href":"https:\/\/conferences.ifac-control.org\/icfda2025\/wp-json\/wp\/v2\/media?parent=23"}],"curies":[{"name":"wp","href":"https:\/\/api.w.org\/{rel}","templated":true}]}}