{"id":23,"date":"2022-12-06T14:49:26","date_gmt":"2022-12-06T14:49:26","guid":{"rendered":"https:\/\/pocifac.themecloud.dev\/?page_id=23"},"modified":"2024-03-10T17:09:26","modified_gmt":"2024-03-10T16:09:26","slug":"venue","status":"publish","type":"page","link":"https:\/\/conferences.ifac-control.org\/lhmnc24\/venue\/","title":{"rendered":"VenueVenueVenueVenue"},"content":{"rendered":"\n<div style=\"height:100px\" aria-hidden=\"true\" id=\"IFAC-conference-app\" class=\"wp-block-spacer\"><\/div>\n\n\n\n<h1 class=\"wp-block-heading has-text-align-center has-ast-global-color-0-color has-text-color\" style=\"font-size:48px\"><strong>VENUE<\/strong><\/h1>\n\n\n\n<p>The workshop will take place at <a href=\"https:\/\/www.espacegrammont.fr\/\" data-type=\"URL\" data-id=\"https:\/\/www.espacegrammont.fr\/\">Centre Dioc\u00e9sain Grammont de Besan\u00e7on<\/a> (20 rue M\u00e9gavand 25000 Besan\u00e7on France)  situated in the heart of Besan\u00e7on city center. <\/p>\n\n\n\n<figure class=\"wp-block-image size-large\"><img loading=\"lazy\" decoding=\"async\" width=\"1024\" height=\"680\" src=\"https:\/\/conferences.ifac-control.org\/lhmnc24\/wp-content\/uploads\/sites\/11\/2024\/03\/312013797-17-95b317669ad04274a8a958abc9f04be2-1024x680.jpg\" alt=\"\" class=\"wp-image-1300\" srcset=\"https:\/\/conferences.ifac-control.org\/lhmnc24\/wp-content\/uploads\/sites\/11\/2024\/03\/312013797-17-95b317669ad04274a8a958abc9f04be2-1024x680.jpg 1024w, https:\/\/conferences.ifac-control.org\/lhmnc24\/wp-content\/uploads\/sites\/11\/2024\/03\/312013797-17-95b317669ad04274a8a958abc9f04be2-300x199.jpg 300w, https:\/\/conferences.ifac-control.org\/lhmnc24\/wp-content\/uploads\/sites\/11\/2024\/03\/312013797-17-95b317669ad04274a8a958abc9f04be2-768x510.jpg 768w, https:\/\/conferences.ifac-control.org\/lhmnc24\/wp-content\/uploads\/sites\/11\/2024\/03\/312013797-17-95b317669ad04274a8a958abc9f04be2-1536x1020.jpg 1536w, https:\/\/conferences.ifac-control.org\/lhmnc24\/wp-content\/uploads\/sites\/11\/2024\/03\/312013797-17-95b317669ad04274a8a958abc9f04be2.jpg 2000w\" sizes=\"(max-width: 1024px) 100vw, 1024px\" \/><\/figure>\n\n\n\n<figure class=\"wp-block-image size-full\"><img loading=\"lazy\" decoding=\"async\" width=\"1000\" height=\"819\" src=\"https:\/\/conferences.ifac-control.org\/lhmnc24\/wp-content\/uploads\/sites\/11\/2024\/03\/screenshot1.jpg\" alt=\"\" class=\"wp-image-1305\" srcset=\"https:\/\/conferences.ifac-control.org\/lhmnc24\/wp-content\/uploads\/sites\/11\/2024\/03\/screenshot1.jpg 1000w, https:\/\/conferences.ifac-control.org\/lhmnc24\/wp-content\/uploads\/sites\/11\/2024\/03\/screenshot1-300x246.jpg 300w, https:\/\/conferences.ifac-control.org\/lhmnc24\/wp-content\/uploads\/sites\/11\/2024\/03\/screenshot1-768x629.jpg 768w\" sizes=\"(max-width: 1000px) 100vw, 1000px\" \/><\/figure>\n\n\n\n<p><strong><a href=\"https:\/\/www.besancon-tourisme.com\/en\/plan-your-trip\/how-to-get-here\/\" data-type=\"URL\" data-id=\"https:\/\/www.besancon-tourisme.com\/en\/plan-your-trip\/how-to-get-here\/\">How to come to<\/a> <a href=\"https:\/\/www.besancon-tourisme.com\/en\/plan-your-trip\/how-to-get-here\/\" data-type=\"URL\" data-id=\"https:\/\/www.besancon-tourisme.com\/en\/plan-your-trip\/how-to-get-here\/\">Besan\u00e7on<\/a><\/strong> <a href=\"https:\/\/www.besancon-tourisme.com\/en\/plan-your-trip\/how-to-get-here\/\"><strong>(link)<\/strong><\/a><\/p>\n\n\n\n<div style=\"height:40px\" aria-hidden=\"true\" class=\"wp-block-spacer\"><\/div>\n\n\n\n<h2 class=\"wp-block-heading has-text-align-left has-ast-global-color-8-color has-text-color\" style=\"font-size:30px\"><strong>IFAC Conference App<\/strong><\/h2>\n\n\n\n<div style=\"height:20px\" aria-hidden=\"true\" class=\"wp-block-spacer\"><\/div>\n\n\n\n<p>The Conference is included in the IFAC Conference App which allows at all times of the conference<\/p>\n\n\n\n<ul class=\"wp-block-list\">\n<li>Access to technical program; access to full papers; search facilities on technical program and papers\/authors; creating personalized program (My program); other meeting schedules and social program;&nbsp;<\/li>\n\n\n\n<li>Vote, Q&amp;A, rating functionality for interactive sessions;&nbsp;<\/li>\n\n\n\n<li>Room plan of conference location; welcome address and local information;&nbsp;<\/li>\n\n\n\n<li>Connections with social networks ; peer to peer communication.<\/li>\n<\/ul>\n\n\n\n<div style=\"height:40px\" aria-hidden=\"true\" class=\"wp-block-spacer\"><\/div>\n\n\n\n<p class=\"has-text-align-center has-ast-global-color-8-color has-text-color\" style=\"margin-top:0px;margin-right:0px;margin-bottom:0px;margin-left:0px;padding-top:0px;padding-right:0px;padding-bottom:10px;padding-left:0px;font-size:26px\"><strong>Get the IFAC App<\/strong><\/p>\n\n\n\n<div class=\"wp-block-group alignwide is-content-justification-center is-nowrap is-layout-flex wp-container-core-group-is-layout-2 wp-block-group-is-layout-flex\" style=\"padding-top:0;padding-right:0;padding-bottom:0;padding-left:0\">\n<div class=\"inherit-container-width wp-block-group alignwide is-layout-constrained wp-block-group-is-layout-constrained\">\n<figure class=\"wp-block-image aligncenter is-resized has-custom-border\"><img loading=\"lazy\" decoding=\"async\" src=\"https:\/\/conferences.ifac-control.org\/lhmnc24\/wp-content\/uploads\/sites\/11\/2023\/04\/applelogo-4.png\" alt=\"\" class=\"wp-image-1150\" style=\"border-bottom-color:var(--wp--preset--color--ast-global-color-5);border-bottom-width:20px\" width=\"85\" height=\"77\" \/><figcaption class=\"wp-element-caption\"><a href=\"https:\/\/apple.co\/3mpaER7\" target=\"_blank\" rel=\"noreferrer noopener\">Apple Store<\/a><\/figcaption><\/figure>\n<\/div>\n\n\n\n<figure class=\"wp-block-image aligncenter size-large is-resized has-custom-border\"><img loading=\"lazy\" decoding=\"async\" src=\"https:\/\/conferences.ifac-control.org\/lhmnc24\/wp-content\/uploads\/sites\/11\/2023\/04\/Frame-1-1024x725.png\" alt=\"\" class=\"wp-image-1169\" style=\"border-bottom-color:var(--wp--preset--color--ast-global-color-5);border-bottom-width:20px\" width=\"114\" height=\"77\" \/><figcaption class=\"wp-element-caption\"><a rel=\"noreferrer noopener\" href=\"https:\/\/bit.ly\/3lazFjx\" target=\"_blank\"><a rel=\"noreferrer noopener\" href=\"https:\/\/ifac.floq.live\" target=\"_blank\">Web App<\/a><\/a><\/figcaption><\/figure>\n\n\n\n<figure class=\"wp-block-image aligncenter size-large is-resized has-custom-border\"><img loading=\"lazy\" decoding=\"async\" src=\"https:\/\/conferences.ifac-control.org\/lhmnc24\/wp-content\/uploads\/sites\/11\/2023\/04\/playstorelogo-1-961x1024.png\" alt=\"\" class=\"wp-image-1151\" style=\"border-bottom-color:var(--wp--preset--color--ast-global-color-5);border-bottom-width:20px\" width=\"85\" height=\"77\" \/><figcaption class=\"wp-element-caption\"><a href=\"https:\/\/bit.ly\/3lazFjx\" target=\"_blank\" rel=\"noreferrer noopener\">Google Play Store<\/a><\/figcaption><\/figure>\n<\/div>\n\n\n\n<div style=\"height:\" aria-hidden=\"true\" class=\"wp-block-spacer\"><\/div>\n\n\n\n<div style=\"height:70px\" aria-hidden=\"true\" id=\"conference-venue\" class=\"wp-block-spacer\"><\/div>\n\n\n\n<hr class=\"wp-block-separator has-text-color has-ast-global-color-8-color has-alpha-channel-opacity has-ast-global-color-8-background-color has-background is-style-wide\" \/>\n\n\n\n<hr class=\"wp-block-separator has-text-color has-ast-global-color-8-color has-alpha-channel-opacity has-ast-global-color-8-background-color has-background is-style-wide\" \/>\n\n\n\n<div style=\"height:80px\" aria-hidden=\"true\" class=\"wp-block-spacer\"><\/div>\n\n\n\n<h2 class=\"wp-block-heading has-text-align-left has-ast-global-color-8-color has-text-color\" style=\"font-size:30px\"><strong>Hotels<\/strong><\/h2>\n\n\n\n<div style=\"height:20px\" aria-hidden=\"true\" class=\"wp-block-spacer\"><\/div>\n\n\n\n<div class=\"inherit-container-width wp-block-group alignwide is-layout-constrained wp-container-core-group-is-layout-3 wp-block-group-is-layout-constrained\" style=\"padding-top:0px;padding-right:0px;padding-bottom:0px;padding-left:0px\">\n<div class=\"wp-block-media-text alignwide has-media-on-the-right is-stacked-on-mobile is-vertically-aligned-top\" style=\"padding-right:2rem;padding-left:2rem\"><div class=\"wp-block-media-text__content\">\n<h1 class=\"wp-block-heading\">H\u00f4tel du Nord&nbsp;:<\/h1>\n\n\n\n<p>Addresse: <a href=\"https:\/\/www.google.com\/maps\/place\/H%C3%B4tel+Du+Nord\/@47.2372827,6.0259958,15z\/data=!4m6!3m5!1s0x478d633c1ae4ce51:0x316407e6bc5f6d75!8m2!3d47.2372827!4d6.0259958!16s%2Fg%2F1tk_n53p?entry=ttu\">8 Rue Moncey, 25000 Besan\u00e7on<\/a><\/p>\n\n\n\n<p><a href=\"http:\/\/www.hotel-du-nord-besancon.com\">www.hotel-du-nord-besancon.com<\/a><\/p>\n\n\n\n<p><strong>7 individual rooms<\/strong>: (King-size bed): 76.50\u20ac per night (instead)<\/p>\n\n\n\n<p>Stay tax: 0.99\u20ac per person and per night<\/p>\n\n\n\n<p>Breakfast: 11 euros<br><br><strong>Reservation direct via email with the code LHMNC2024<br>Email: <\/strong><a href=\"mailto:contact@hotel-du-nord-besancon.com\"><strong>contact@hotel-du-nord-besancon.com<\/strong><\/a><strong><br><br><\/strong><\/p>\n\n\n\n<p style=\"font-size:14px\"><br><\/p>\n\n\n\n<p style=\"font-size:14px\"><\/p>\n\n\n\n<p><\/p>\n<\/div><figure class=\"wp-block-media-text__media\"><img loading=\"lazy\" decoding=\"async\" width=\"570\" height=\"380\" src=\"https:\/\/conferences.ifac-control.org\/lhmnc24\/wp-content\/uploads\/sites\/11\/2024\/03\/HotelNord.jpg\" alt=\"\" class=\"wp-image-1308 size-full\" srcset=\"https:\/\/conferences.ifac-control.org\/lhmnc24\/wp-content\/uploads\/sites\/11\/2024\/03\/HotelNord.jpg 570w, https:\/\/conferences.ifac-control.org\/lhmnc24\/wp-content\/uploads\/sites\/11\/2024\/03\/HotelNord-300x200.jpg 300w\" sizes=\"(max-width: 570px) 100vw, 570px\" \/><\/figure><\/div>\n\n\n\n<div style=\"height:20px\" aria-hidden=\"true\" class=\"wp-block-spacer\"><\/div>\n\n\n\n<figure class=\"wp-block-gallery has-nested-images columns-default is-cropped wp-block-gallery-1 is-layout-flex wp-block-gallery-is-layout-flex\">\n<figure class=\"wp-block-image size-large\"><img loading=\"lazy\" decoding=\"async\" width=\"200\" height=\"200\" src=\"https:\/\/conferences.ifac-control.org\/lhmnc24\/wp-content\/uploads\/sites\/11\/2023\/01\/Frame-1.png\" alt=\"\" class=\"wp-image-379\" srcset=\"https:\/\/conferences.ifac-control.org\/lhmnc24\/wp-content\/uploads\/sites\/11\/2023\/01\/Frame-1.png 200w, https:\/\/conferences.ifac-control.org\/lhmnc24\/wp-content\/uploads\/sites\/11\/2023\/01\/Frame-1-150x150.png 150w\" sizes=\"(max-width: 200px) 100vw, 200px\" \/><\/figure>\n\n\n\n<figure class=\"wp-block-image size-large\"><img loading=\"lazy\" decoding=\"async\" width=\"200\" height=\"200\" src=\"https:\/\/conferences.ifac-control.org\/lhmnc24\/wp-content\/uploads\/sites\/11\/2023\/01\/Frame-2-edited.png\" alt=\"\" class=\"wp-image-381\" srcset=\"https:\/\/conferences.ifac-control.org\/lhmnc24\/wp-content\/uploads\/sites\/11\/2023\/01\/Frame-2-edited.png 200w, https:\/\/conferences.ifac-control.org\/lhmnc24\/wp-content\/uploads\/sites\/11\/2023\/01\/Frame-2-edited-150x150.png 150w\" sizes=\"(max-width: 200px) 100vw, 200px\" \/><\/figure>\n\n\n\n<figure class=\"wp-block-image size-large\"><img loading=\"lazy\" decoding=\"async\" width=\"200\" height=\"200\" src=\"https:\/\/conferences.ifac-control.org\/lhmnc24\/wp-content\/uploads\/sites\/11\/2023\/01\/Frame-3.png\" alt=\"\" class=\"wp-image-380\" srcset=\"https:\/\/conferences.ifac-control.org\/lhmnc24\/wp-content\/uploads\/sites\/11\/2023\/01\/Frame-3.png 200w, https:\/\/conferences.ifac-control.org\/lhmnc24\/wp-content\/uploads\/sites\/11\/2023\/01\/Frame-3-150x150.png 150w\" sizes=\"(max-width: 200px) 100vw, 200px\" \/><\/figure>\n<\/figure>\n\n\n\n<div style=\"height:40px\" aria-hidden=\"true\" class=\"wp-block-spacer\"><\/div>\n\n\n\n<div class=\"wp-block-media-text alignwide is-stacked-on-mobile is-vertically-aligned-top\" style=\"padding-right:2rem;padding-left:2rem\"><figure class=\"wp-block-media-text__media\"><img loading=\"lazy\" decoding=\"async\" width=\"474\" height=\"314\" src=\"https:\/\/conferences.ifac-control.org\/lhmnc24\/wp-content\/uploads\/sites\/11\/2024\/03\/HotelParis.jpg\" alt=\"\" class=\"wp-image-1313 size-full\" srcset=\"https:\/\/conferences.ifac-control.org\/lhmnc24\/wp-content\/uploads\/sites\/11\/2024\/03\/HotelParis.jpg 474w, https:\/\/conferences.ifac-control.org\/lhmnc24\/wp-content\/uploads\/sites\/11\/2024\/03\/HotelParis-300x199.jpg 300w\" sizes=\"(max-width: 474px) 100vw, 474px\" \/><\/figure><div class=\"wp-block-media-text__content\">\n<h1 class=\"wp-block-heading\">H\u00f4tel de Paris :<\/h1>\n\n\n\n<p>Adresse: <a href=\"https:\/\/www.google.com\/maps\/place\/H%C3%B4tel+de+Paris\/@47.2386786,6.0237315,18.23z\/data=!3m1!5s0x478d633c4318a8eb:0x6228ecf04e2d964!4m19!1m8!3m7!1s0x478d633c4322369d:0x5d53cb1fa1b1a28!2s33+Rue+des+Granges,+25000+Besan%C3%A7on!3b1!8m2!3d47.2387245!4d6.0255143!16s%2Fg%2F11bw3zx0ns!3m9!1s0x478d633c60cd8321:0xc8d0980326b741fb!5m3!1s2024-01-11!4m1!1i2!8m2!3d47.238583!4d6.0254!16s%2Fg%2F1tgz97tg?entry=ttu\">33 Rue des Granges, 25000 Besan\u00e7on, France<\/a><\/p>\n\n\n\n<p><a href=\"http:\/\/www.besanconhoteldeparis.com\">www.besanconhoteldeparis.com<\/a><\/p>\n\n\n\n<p>Four room categories, <strong>three rooms of each category (12 rooms in total):<\/strong><\/p>\n\n\n\n<ul class=\"wp-block-list\">\n<li>Standard room (1 or 2 persons): 94.00\u20ac per night (instead 99.00\u20ac)<\/li>\n\n\n\n<li>Lux room (1 or 2 persons): 110.00\u20ac per night (instead 115.00\u20ac)<\/li>\n\n\n\n<li>Exclusive room (1 or 2 persons): 125.00\u20ac per night (instead 139.00\u20ac)<\/li>\n\n\n\n<li>Prestige room (1 or 2 persons): 150.00\u20ac per night (instead 179.00\u20ac)<\/li>\n\n\n\n<li>Breakfast: 10.00\u20ac (instead 15.00\u20ac)<\/li>\n\n\n\n<li>Parking: 10.00\u20ac (au lieu de 12.00\u20ac)<\/li>\n\n\n\n<li>Stay tax: 1.65\u20ac per person and per night<\/li>\n<\/ul>\n\n\n\n<ul class=\"wp-block-list\">\n<li><strong>Reservation direct via email or telephone with the code LHMNC2024<\/strong><\/li>\n\n\n\n<li><strong>Telephone: + 33 (0)3 81 81 36 56<\/strong><\/li>\n<\/ul>\n\n\n\n<p><strong>Email: <\/strong><a href=\"mailto:contact@besanconhoteldeparis.com\"><strong>contact@besanconhoteldeparis.com<\/strong><\/a><br><\/p>\n\n\n\n<p><\/p>\n<\/div><\/div>\n\n\n\n<div style=\"height:20px\" aria-hidden=\"true\" class=\"wp-block-spacer\"><\/div>\n\n\n\n<figure class=\"wp-block-gallery has-nested-images columns-default is-cropped wp-block-gallery-2 is-layout-flex wp-block-gallery-is-layout-flex\">\n<figure class=\"wp-block-image size-large\"><img loading=\"lazy\" decoding=\"async\" width=\"200\" height=\"200\" src=\"https:\/\/conferences.ifac-control.org\/lhmnc24\/wp-content\/uploads\/sites\/11\/2023\/01\/Frame-1.png\" alt=\"\" class=\"wp-image-379\" srcset=\"https:\/\/conferences.ifac-control.org\/lhmnc24\/wp-content\/uploads\/sites\/11\/2023\/01\/Frame-1.png 200w, https:\/\/conferences.ifac-control.org\/lhmnc24\/wp-content\/uploads\/sites\/11\/2023\/01\/Frame-1-150x150.png 150w\" sizes=\"(max-width: 200px) 100vw, 200px\" \/><\/figure>\n\n\n\n<figure class=\"wp-block-image size-large\"><img loading=\"lazy\" decoding=\"async\" width=\"200\" height=\"200\" src=\"https:\/\/conferences.ifac-control.org\/lhmnc24\/wp-content\/uploads\/sites\/11\/2023\/01\/Frame-2-edited.png\" alt=\"\" class=\"wp-image-381\" srcset=\"https:\/\/conferences.ifac-control.org\/lhmnc24\/wp-content\/uploads\/sites\/11\/2023\/01\/Frame-2-edited.png 200w, https:\/\/conferences.ifac-control.org\/lhmnc24\/wp-content\/uploads\/sites\/11\/2023\/01\/Frame-2-edited-150x150.png 150w\" sizes=\"(max-width: 200px) 100vw, 200px\" \/><\/figure>\n\n\n\n<figure class=\"wp-block-image size-large\"><img loading=\"lazy\" decoding=\"async\" width=\"200\" height=\"200\" src=\"https:\/\/conferences.ifac-control.org\/lhmnc24\/wp-content\/uploads\/sites\/11\/2023\/01\/Frame-3.png\" alt=\"\" class=\"wp-image-380\" srcset=\"https:\/\/conferences.ifac-control.org\/lhmnc24\/wp-content\/uploads\/sites\/11\/2023\/01\/Frame-3.png 200w, https:\/\/conferences.ifac-control.org\/lhmnc24\/wp-content\/uploads\/sites\/11\/2023\/01\/Frame-3-150x150.png 150w\" sizes=\"(max-width: 200px) 100vw, 200px\" \/><\/figure>\n<\/figure>\n\n\n\n<div style=\"height:\" aria-hidden=\"true\" class=\"wp-block-spacer\"><\/div>\n<\/div>\n\n\n\n<div style=\"height:70px\" aria-hidden=\"true\" id=\"tourism\" class=\"wp-block-spacer\"><\/div>\n\n\n\n<hr class=\"wp-block-separator has-text-color has-ast-global-color-8-color has-alpha-channel-opacity has-ast-global-color-8-background-color has-background is-style-wide\" \/>\n\n\n\n<div class=\"wp-block-media-text alignwide has-media-on-the-right is-stacked-on-mobile is-vertically-aligned-top\" style=\"padding-right:2rem;padding-left:2rem\"><div class=\"wp-block-media-text__content\">\n<h1 class=\"wp-block-heading\">Zenitude Besan\u00e7on &#8211; La City&nbsp;:<\/h1>\n\n\n\n<p>Addresse: <a href=\"https:\/\/www.google.com\/maps\/place\/Zenitude+H%C3%B4tel-R%C3%A9sidences+Besan%C3%A7on+:+La+City\/@47.2355294,6.0139149,15z\/data=!3m1!5s0x478d63137f4c897d:0x260897f0f4e431e8!4m10!3m9!1s0x478d63138ffe682d:0xcc2eb16dff55ee37!5m3!1s2024-01-11!4m1!1i2!8m2!3d47.2355294!4d6.0139149!16s%2Fg%2F1hhgwgm8g?entry=ttu\">11 Av. Louise Michel, 25000 Besan\u00e7on<\/a><\/p>\n\n\n\n<p><a href=\"http:\/\/www.hotel-du-nord-besancon.com\">www.hotel-du-nord-besancon.com<\/a><\/p>\n\n\n\n<ul class=\"wp-block-list\">\n<li>15 prebooked rooms <\/li>\n\n\n\n<li>Accomodation type&nbsp;: 1-4 nuits<\/li>\n\n\n\n<li>6 Studios of 20m\u00b2 (King-size bed):&nbsp;70\u20ac per night<\/li>\n\n\n\n<li>6 Sup Studios of 25m<sup>2<\/sup> (King-size bed or two simple beds): 75\u20ac per night<\/li>\n\n\n\n<li>3 apartments 30m\u00b2 with separate double bedroom or 2 single beds + living room with sofa bed: 90\u20ac per night<\/li>\n\n\n\n<li>(Price for single guest, 1.5\u20ac additional for second guest per night)<\/li>\n<\/ul>\n\n\n\n<ul class=\"wp-block-list\">\n<li>Breakfast 12\u20ac<\/li>\n\n\n\n<li>Parking 7\u20ac per night<\/li>\n\n\n\n<li>Additional cleaning Studios and Superior Studios 20\u20ac<\/li>\n\n\n\n<li>Additional cleaning Apartments 30m\u00b2 30 \u20ac<\/li>\n\n\n\n<li>Additional Kitchen cleaning 15\u20ac<\/li>\n\n\n\n<li>Kitchen refurbishment 75\u20ac<\/li>\n\n\n\n<li>Studio and superior studio refurbishment 150\u20ac<\/li>\n\n\n\n<li>Apartment refurbishment 200\u20ac<\/li>\n\n\n\n<li>Additional bed linen kit 10 \u20ac<\/li>\n\n\n\n<li>Additional bathroom linen kit 8 \u20ac.<\/li>\n\n\n\n<li><\/li>\n<\/ul>\n\n\n\n<p><strong>Reservation direct via email or telephone with the code LHMNC2024<\/strong><\/p>\n\n\n\n<p>Email: <a href=\"mailto:lacity@zenitude-groupe.com\">lacity@zenitude-groupe.com<\/a><\/p>\n\n\n\n<p>Phone: +33 (0)3 81 21 38 00<\/p>\n\n\n\n<p><\/p>\n\n\n\n<p><\/p>\n<\/div><figure class=\"wp-block-media-text__media\"><img loading=\"lazy\" decoding=\"async\" width=\"570\" height=\"380\" src=\"https:\/\/conferences.ifac-control.org\/lhmnc24\/wp-content\/uploads\/sites\/11\/2024\/03\/HotelNord.jpg\" alt=\"\" class=\"wp-image-1308 size-full\" srcset=\"https:\/\/conferences.ifac-control.org\/lhmnc24\/wp-content\/uploads\/sites\/11\/2024\/03\/HotelNord.jpg 570w, https:\/\/conferences.ifac-control.org\/lhmnc24\/wp-content\/uploads\/sites\/11\/2024\/03\/HotelNord-300x200.jpg 300w\" sizes=\"(max-width: 570px) 100vw, 570px\" \/><\/figure><\/div>\n\n\n\n<div style=\"height:20px\" aria-hidden=\"true\" class=\"wp-block-spacer\"><\/div>\n\n\n\n<div style=\"height:20px\" aria-hidden=\"true\" class=\"wp-block-spacer\"><\/div>\n\n\n\n<div style=\"height:\" aria-hidden=\"true\" class=\"wp-block-spacer\"><\/div>\n\n\n\n<hr class=\"wp-block-separator has-text-color has-ast-global-color-8-color has-alpha-channel-opacity has-ast-global-color-8-background-color has-background is-style-wide\" \/>\n\n\n\n<div style=\"height:20px\" aria-hidden=\"true\" class=\"wp-block-spacer\"><\/div>\n\n\n\n<div style=\"height:\" aria-hidden=\"true\" class=\"wp-block-spacer\"><\/div>\n\n\n\n<div style=\"height:150px\" aria-hidden=\"true\" class=\"wp-block-spacer\"><\/div>\n","protected":false},"excerpt":{"rendered":"<p>VENUE The workshop will take place at Centre Dioc\u00e9sain Grammont de Besan\u00e7on (20 rue M\u00e9gavand 25000 Besan\u00e7on France) situated in the heart of Besan\u00e7on city center. How to come to Besan\u00e7on (link) IFAC Conference App The Conference is included in the IFAC Conference App which allows at all times of the conference Get the IFAC &hellip;<\/p>\n<p class=\"read-more\"> <a class=\"\" href=\"https:\/\/conferences.ifac-control.org\/lhmnc24\/venue\/\"> <span class=\"screen-reader-text\">VenueVenueVenueVenue<\/span> Read More &raquo;<\/a><\/p>\n","protected":false},"author":2,"featured_media":0,"parent":0,"menu_order":0,"comment_status":"closed","ping_status":"closed","template":"","meta":{"site-sidebar-layout":"default","site-content-layout":"default","ast-global-header-display":"","ast-main-header-display":"","ast-hfb-above-header-display":"","ast-hfb-below-header-display":"","ast-hfb-mobile-header-display":"","site-post-title":"disabled","ast-breadcrumbs-content":"","ast-featured-img":"","footer-sml-layout":"","theme-transparent-header-meta":"","adv-header-id-meta":"","stick-header-meta":"","header-above-stick-meta":"","header-main-stick-meta":"","header-below-stick-meta":"","footnotes":""},"class_list":["post-23","page","type-page","status-publish","hentry"],"aioseo_notices":[],"_links":{"self":[{"href":"https:\/\/conferences.ifac-control.org\/lhmnc24\/wp-json\/wp\/v2\/pages\/23"}],"collection":[{"href":"https:\/\/conferences.ifac-control.org\/lhmnc24\/wp-json\/wp\/v2\/pages"}],"about":[{"href":"https:\/\/conferences.ifac-control.org\/lhmnc24\/wp-json\/wp\/v2\/types\/page"}],"author":[{"embeddable":true,"href":"https:\/\/conferences.ifac-control.org\/lhmnc24\/wp-json\/wp\/v2\/users\/2"}],"replies":[{"embeddable":true,"href":"https:\/\/conferences.ifac-control.org\/lhmnc24\/wp-json\/wp\/v2\/comments?post=23"}],"version-history":[{"count":62,"href":"https:\/\/conferences.ifac-control.org\/lhmnc24\/wp-json\/wp\/v2\/pages\/23\/revisions"}],"predecessor-version":[{"id":1321,"href":"https:\/\/conferences.ifac-control.org\/lhmnc24\/wp-json\/wp\/v2\/pages\/23\/revisions\/1321"}],"wp:attachment":[{"href":"https:\/\/conferences.ifac-control.org\/lhmnc24\/wp-json\/wp\/v2\/media?parent=23"}],"curies":[{"name":"wp","href":"https:\/\/api.w.org\/{rel}","templated":true}]}}