{"id":15,"date":"2022-12-06T14:48:13","date_gmt":"2022-12-06T13:48:13","guid":{"rendered":"https:\/\/pocifac.themecloud.dev\/?page_id=15"},"modified":"2024-06-07T09:07:43","modified_gmt":"2024-06-07T07:07:43","slug":"general-information","status":"publish","type":"page","link":"https:\/\/conferences.ifac-control.org\/micnon2024\/","title":{"rendered":"General information"},"content":{"rendered":"\n<div style=\"height:100px\" aria-hidden=\"true\" id=\"background-and-scope\" class=\"wp-block-spacer\"><\/div>\n\n\n\n<h1 class=\"wp-block-heading has-text-align-center has-ast-global-color-0-color has-text-color\" style=\"font-size:48px\"><strong>GENERAL INFORMATION<\/strong><\/h1>\n\n\n\n<div style=\"height:40px\" aria-hidden=\"true\" class=\"wp-block-spacer\"><\/div>\n\n\n\n<h2 class=\"wp-block-heading has-text-align-left has-black-color has-text-color\" style=\"font-size:30px;text-transform:none\"><strong>Welcome to Lyon the 4-5-6 September 2024 !<\/strong><\/h2>\n\n\n\n<div style=\"height:20px\" aria-hidden=\"true\" class=\"wp-block-spacer\"><\/div>\n\n\n\n<div class=\"wp-block-jetpack-tiled-gallery aligncenter is-style-rectangular\"><div class=\"tiled-gallery__gallery\"><div class=\"tiled-gallery__row\"><div class=\"tiled-gallery__col\" style=\"flex-basis:41.33401%\"><figure class=\"tiled-gallery__item\"><img decoding=\"async\" srcset=\"https:\/\/i0.wp.com\/conferences.ifac-control.org\/micnon2024\/wp-content\/uploads\/sites\/17\/2024\/01\/MG_4056_7_8_576x383-2.jpg?strip=info&#038;w=576&#038;ssl=1 576w\" alt=\"\" data-height=\"383\" data-id=\"1355\" data-link=\"https:\/\/conferences.ifac-control.org\/micnon2024\/general-information\/mg_4056_7_8_576x383-2\/\" data-url=\"https:\/\/conferences.ifac-control.org\/micnon2024\/wp-content\/uploads\/sites\/17\/2024\/01\/MG_4056_7_8_576x383-2.jpg\" data-width=\"576\" src=\"https:\/\/i0.wp.com\/conferences.ifac-control.org\/micnon2024\/wp-content\/uploads\/sites\/17\/2024\/01\/MG_4056_7_8_576x383-2.jpg?ssl=1\" data-amp-layout=\"responsive\" \/><\/figure><\/div><div class=\"tiled-gallery__col\" style=\"flex-basis:20.08441%\"><figure class=\"tiled-gallery__item\"><img decoding=\"async\" srcset=\"https:\/\/i0.wp.com\/conferences.ifac-control.org\/micnon2024\/wp-content\/uploads\/sites\/17\/2024\/01\/Photos-Lyon31_315x432-2.jpg?strip=info&#038;w=315&#038;ssl=1 315w\" alt=\"\" data-height=\"432\" data-id=\"1356\" data-link=\"https:\/\/conferences.ifac-control.org\/micnon2024\/general-information\/photos-lyon31_315x432-2\/\" data-url=\"https:\/\/conferences.ifac-control.org\/micnon2024\/wp-content\/uploads\/sites\/17\/2024\/01\/Photos-Lyon31_315x432-2.jpg\" data-width=\"315\" src=\"https:\/\/i0.wp.com\/conferences.ifac-control.org\/micnon2024\/wp-content\/uploads\/sites\/17\/2024\/01\/Photos-Lyon31_315x432-2.jpg?ssl=1\" data-amp-layout=\"responsive\" \/><\/figure><\/div><div class=\"tiled-gallery__col\" style=\"flex-basis:18.62414%\"><figure class=\"tiled-gallery__item\"><img decoding=\"async\" srcset=\"https:\/\/i2.wp.com\/conferences.ifac-control.org\/micnon2024\/wp-content\/uploads\/sites\/17\/2024\/01\/Lyon-127_292x432-5.jpg?strip=info&#038;w=292&#038;ssl=1 292w\" alt=\"\" data-height=\"432\" data-id=\"1358\" data-link=\"https:\/\/conferences.ifac-control.org\/micnon2024\/general-information\/lyon-127_292x432-5\/\" data-url=\"https:\/\/conferences.ifac-control.org\/micnon2024\/wp-content\/uploads\/sites\/17\/2024\/01\/Lyon-127_292x432-5.jpg\" data-width=\"292\" src=\"https:\/\/i2.wp.com\/conferences.ifac-control.org\/micnon2024\/wp-content\/uploads\/sites\/17\/2024\/01\/Lyon-127_292x432-5.jpg?ssl=1\" data-amp-layout=\"responsive\" \/><\/figure><\/div><div class=\"tiled-gallery__col\" style=\"flex-basis:19.95743%\"><figure class=\"tiled-gallery__item\"><img decoding=\"async\" srcset=\"https:\/\/i1.wp.com\/conferences.ifac-control.org\/micnon2024\/wp-content\/uploads\/sites\/17\/2024\/01\/Lyon-253_313x432-2.jpg?strip=info&#038;w=313&#038;ssl=1 313w\" alt=\"\" data-height=\"432\" data-id=\"1359\" data-link=\"https:\/\/conferences.ifac-control.org\/micnon2024\/general-information\/lyon-253_313x432-2\/\" data-url=\"https:\/\/conferences.ifac-control.org\/micnon2024\/wp-content\/uploads\/sites\/17\/2024\/01\/Lyon-253_313x432-2.jpg\" data-width=\"313\" src=\"https:\/\/i1.wp.com\/conferences.ifac-control.org\/micnon2024\/wp-content\/uploads\/sites\/17\/2024\/01\/Lyon-253_313x432-2.jpg?ssl=1\" data-amp-layout=\"responsive\" \/><\/figure><\/div><\/div><\/div><\/div>\n\n\n\n<p>We are thrilled to extend a warm welcome to all participants attending the Nonlinear Control Conference in the picturesque city of Lyon. Get ready for an engaging experience at the intersection of cutting-edge research and the charm of this beautiful city!<\/p>\n\n\n\n<hr class=\"wp-block-separator has-text-color has-ast-global-color-8-color has-alpha-channel-opacity has-ast-global-color-8-background-color has-background is-style-wide\" \/>\n\n\n\n<h2 class=\"wp-block-heading has-text-align-left has-black-color has-text-color\" style=\"font-size:30px;text-transform:none\"><strong>About MICNON<\/strong><\/h2>\n\n\n\n<div style=\"height:20px\" aria-hidden=\"true\" class=\"wp-block-spacer\"><\/div>\n\n\n\n<p class=\"has-ast-global-color-1-color has-text-color\" style=\"font-size:14px\">The 4th IFAC Conference of Modelling, Identification and Control of nonlinear systems will be held Wednesday through Friday, September 4-6, 2024, in Lyon, France. The conference will be proceeded by technical workshops on Tuesday, September 3, 2024. <\/p>\n\n\n\n<h4 class=\"wp-block-heading has-black-color has-text-color\" style=\"font-size:18px\">Background and Scope of the Conference<\/h4>\n\n\n\n<p class=\"has-ast-global-color-1-color has-text-color\" style=\"font-size:14px\">Submissions are invited in all areas of nonlinear systems theory and applications in science and engineering, including control and analysis of nonlinear systems, analysis of nonlinear dynamical systems, modelling and identification of nonlinear systems, stability of complex dynamical systems, large scale and distributed parameter systems, control of networks, control with limited information and time delay, process control and all kind of applications in connection to nonlinear systems, such as management and control in manufacturing and logistics, industry 4.0, cyber-physical systems, digital twins, blockchain, cloud manufacturing, artificial intelligence.<\/p>\n\n\n\n<h4 class=\"wp-block-heading has-ast-global-color-8-color has-text-color\" style=\"font-size:18px\">Main IFAC sponsoring Technical Committees <\/h4>\n\n\n\n<ul class=\"wp-block-list\">\n<li>TC 2.3. Non-Linear Control Systems <\/li>\n<\/ul>\n\n\n\n<h4 class=\"wp-block-heading has-ast-global-color-8-color has-text-color\" style=\"font-size:18px\">IFAC Co-sponsoring Technical Committees<\/h4>\n\n\n\n<ul class=\"wp-block-list\">\n<li>TC 1.1. Modelling, Identification and Signal Processing&nbsp; <\/li>\n\n\n\n<li>TC 1.2. Adaptive and Learning Systems <\/li>\n\n\n\n<li>TC 1.5. Networked Systems <\/li>\n\n\n\n<li>TC 2.1. Control Design <\/li>\n\n\n\n<li>TC 2.6. Distributed Parameter Systems <\/li>\n\n\n\n<li>TC 5.2. Management and Control in Manufacturing and Logistics <\/li>\n\n\n\n<li>TC 6.1. Chemical Process Control<\/li>\n\n\n\n<li>TC 8.4. Biosystems and Bioprocesses <\/li>\n\n\n\n<li>TC 9.4. Control Education <\/li>\n<\/ul>\n\n\n\n<div style=\"height:\" aria-hidden=\"true\" class=\"wp-block-spacer\"><\/div>\n\n\n\n<div style=\"height:40px\" aria-hidden=\"true\" id=\"national-organizing-committee\" class=\"wp-block-spacer\"><\/div>\n\n\n\n<hr class=\"wp-block-separator has-text-color has-ast-global-color-8-color has-alpha-channel-opacity has-ast-global-color-8-background-color has-background is-style-wide\" \/>\n\n\n\n<h2 class=\"wp-block-heading has-text-align-left has-ast-global-color-8-color has-text-color\" style=\"font-size:30px\"><strong>National Organizing Committee<\/strong><\/h2>\n\n\n\n<div style=\"height:20px\" aria-hidden=\"true\" class=\"wp-block-spacer\"><\/div>\n\n\n\n<div class=\"wp-block-media-text alignwide is-stacked-on-mobile is-vertically-aligned-top\" style=\"padding-right:2rem;padding-left:2rem;grid-template-columns:15% auto\"><figure class=\"wp-block-media-text__media\"><a href=\"https:\/\/sites.google.com\/site\/vincentandrieu\/\"><img loading=\"lazy\" decoding=\"async\" width=\"225\" height=\"225\" src=\"https:\/\/conferences.ifac-control.org\/micnon2024\/wp-content\/uploads\/sites\/17\/2024\/01\/telechargement.jpeg\" alt=\"\" class=\"wp-image-1219 size-full\" srcset=\"https:\/\/conferences.ifac-control.org\/micnon2024\/wp-content\/uploads\/sites\/17\/2024\/01\/telechargement.jpeg 225w, https:\/\/conferences.ifac-control.org\/micnon2024\/wp-content\/uploads\/sites\/17\/2024\/01\/telechargement-150x150.jpeg 150w\" sizes=\"(max-width: 225px) 100vw, 225px\" \/><\/a><\/figure><div class=\"wp-block-media-text__content\">\n<h3 class=\"wp-block-heading has-text-align-left has-ast-global-color-8-color has-text-color\" style=\"font-size:18px\"><strong>NOC Chair<\/strong><\/h3>\n\n\n\n<p style=\"font-size:14px\">DR CNRS Vincent Andrieu<br>France, Lyon, CNRS, LAGEPP <\/p>\n<\/div><\/div>\n\n\n\n<div style=\"height:20px\" aria-hidden=\"true\" class=\"wp-block-spacer\"><\/div>\n\n\n\n<div class=\"wp-block-media-text alignwide is-stacked-on-mobile is-vertically-aligned-top\" style=\"padding-right:2rem;padding-left:2rem;grid-template-columns:15% auto\"><figure class=\"wp-block-media-text__media\"><a href=\"https:\/\/www.ec-lyon.fr\/contacts\/gerard-scorletti\"><img loading=\"lazy\" decoding=\"async\" width=\"210\" height=\"274\" src=\"https:\/\/conferences.ifac-control.org\/micnon2024\/wp-content\/uploads\/sites\/17\/2024\/01\/gerard_scorletti.jpg\" alt=\"\" class=\"wp-image-1222 size-full\" \/><\/a><\/figure><div class=\"wp-block-media-text__content\">\n<h3 class=\"wp-block-heading has-text-align-left has-ast-global-color-8-color has-text-color\" style=\"font-size:18px\"><strong>NOC Vice-Chair<\/strong><\/h3>\n\n\n\n<p style=\"font-size:14px\">Prof. G\u00e9rard Scorletti<br>France, Lyon, Ecole Centrale de Lyon, Ampere<\/p>\n<\/div><\/div>\n\n\n\n<div style=\"height:20px\" aria-hidden=\"true\" class=\"wp-block-spacer\"><\/div>\n\n\n\n<div class=\"wp-block-columns alignwide are-vertically-aligned-top is-layout-flex wp-container-core-columns-is-layout-1 wp-block-columns-is-layout-flex\" style=\"padding-right:2rem;padding-left:2rem\">\n<div class=\"wp-block-column is-layout-flow wp-block-column-is-layout-flow\" style=\"flex-basis:85%\">\n<h3 class=\"wp-block-heading has-ast-global-color-8-color has-text-color\" style=\"font-size:18px\"><strong>NOC Members<\/strong><\/h3>\n\n\n\n<p style=\"font-size:14px\">Ass. Prof. Federico Bribesca <br>France, Lyon, INSA LYON, Ampere          <\/p>\n\n\n\n<p style=\"font-size:14px\">Ass. Prof. Michael Di Loreto <br>France, Lyon, INSA LYON, Ampere           <\/p>\n\n\n\n<p style=\"font-size:14px\">Ass. Prof. Jean-Fran\u00e7ois Tr\u00e9gou\u00ebt,<br>France, Lyon, INSA LYON, Ampere<\/p>\n\n\n\n<p style=\"font-size:14px\">Ass. Prof. Anton Korniienko<br>France, Lyon, Ecole Centrale de Lyon, Ampere          <\/p>\n\n\n\n<p style=\"font-size:14px\">Prof. Bernhard Maschke<br>France, Universit\u00e9 Claude Bernard Lyon 1, LAGEPP        <\/p>\n\n\n\n<p style=\"font-size:14px\">Ass. Prof. Madiha Nadri<br>France, Universit\u00e9 Claude Bernard Lyon 1, LAGEPP         <\/p>\n\n\n\n<p style=\"font-size:14px\">Ass. Prof. Ulysse Serres<br>France, Universit\u00e9 Claude Bernard Lyon 1, LAGEPP            <\/p>\n\n\n\n<p style=\"font-size:14px\">Prof. Vincent Cheutet<br>France, Lyon, INSA LYON, DISP         <\/p>\n\n\n\n<p>Prof. Yassine Ouzrout<br>France, Lyon, Universit\u00e9 Lyon 2, DISP<\/p>\n<\/div>\n<\/div>\n\n\n\n<div style=\"height:20px\" aria-hidden=\"true\" class=\"wp-block-spacer\"><\/div>\n\n\n\n<hr class=\"wp-block-separator has-text-color has-ast-global-color-8-color has-alpha-channel-opacity has-ast-global-color-8-background-color has-background is-style-wide\" \/>\n\n\n\n<h2 class=\"wp-block-heading has-text-align-left has-ast-global-color-8-color has-text-color\" style=\"font-size:30px\"><strong>International Program Committee<\/strong><\/h2>\n\n\n\n<div style=\"height:20px\" aria-hidden=\"true\" class=\"wp-block-spacer\"><\/div>\n\n\n\n<div class=\"wp-block-media-text alignwide is-stacked-on-mobile is-vertically-aligned-top\" style=\"padding-right:2rem;padding-left:2rem;grid-template-columns:15% auto\"><figure class=\"wp-block-media-text__media\"><img loading=\"lazy\" decoding=\"async\" width=\"364\" height=\"512\" src=\"https:\/\/conferences.ifac-control.org\/micnon2024\/wp-content\/uploads\/sites\/17\/2024\/01\/Liberzon.jpeg\" alt=\"\" class=\"wp-image-1285 size-full\" srcset=\"https:\/\/conferences.ifac-control.org\/micnon2024\/wp-content\/uploads\/sites\/17\/2024\/01\/Liberzon.jpeg 364w, https:\/\/conferences.ifac-control.org\/micnon2024\/wp-content\/uploads\/sites\/17\/2024\/01\/Liberzon-213x300.jpeg 213w\" sizes=\"(max-width: 364px) 100vw, 364px\" \/><\/figure><div class=\"wp-block-media-text__content\">\n<h2 class=\"wp-block-heading has-ast-global-color-8-color has-text-color\" style=\"font-size:18px\"><strong>IPC Chair<\/strong><\/h2>\n\n\n\n<p style=\"font-size:14px\">Prof. Daniel Liberzon<br>USA, University of Illinois at Urbana-Champaign<\/p>\n<\/div><\/div>\n\n\n\n<div style=\"height:20px\" aria-hidden=\"true\" class=\"wp-block-spacer\"><\/div>\n\n\n\n<div class=\"wp-block-media-text alignwide is-stacked-on-mobile is-vertically-aligned-top\" style=\"padding-right:2rem;padding-left:2rem;grid-template-columns:15% auto\"><figure class=\"wp-block-media-text__media\"><img loading=\"lazy\" decoding=\"async\" width=\"489\" height=\"611\" src=\"https:\/\/conferences.ifac-control.org\/micnon2024\/wp-content\/uploads\/sites\/17\/2024\/01\/Sophie-Tarbouriech-headshot.jpeg\" alt=\"\" class=\"wp-image-1284 size-full\" srcset=\"https:\/\/conferences.ifac-control.org\/micnon2024\/wp-content\/uploads\/sites\/17\/2024\/01\/Sophie-Tarbouriech-headshot.jpeg 489w, https:\/\/conferences.ifac-control.org\/micnon2024\/wp-content\/uploads\/sites\/17\/2024\/01\/Sophie-Tarbouriech-headshot-240x300.jpeg 240w\" sizes=\"(max-width: 489px) 100vw, 489px\" \/><\/figure><div class=\"wp-block-media-text__content\">\n<h2 class=\"wp-block-heading has-ast-global-color-8-color has-text-color\" style=\"font-size:18px\"><strong>IPC Vice-Chair<\/strong><\/h2>\n\n\n\n<p style=\"font-size:14px\">Sophie Tarbouriech<br>France, Toulouse, CNRS, LAAS-CNRS           <\/p>\n<\/div><\/div>\n\n\n\n<div style=\"height:20px\" aria-hidden=\"true\" class=\"wp-block-spacer\"><\/div>\n\n\n\n<div class=\"wp-block-media-text alignwide is-stacked-on-mobile is-vertically-aligned-top\" style=\"padding-right:2rem;padding-left:2rem;grid-template-columns:15% auto\"><figure class=\"wp-block-media-text__media\"><a href=\"https:\/\/sites.google.com\/site\/astolfidaniele\/home\"><img loading=\"lazy\" decoding=\"async\" width=\"975\" height=\"1024\" src=\"https:\/\/conferences.ifac-control.org\/micnon2024\/wp-content\/uploads\/sites\/17\/2024\/01\/DanieleAstolfi-975x1024.jpeg\" alt=\"\" class=\"wp-image-1223 size-full\" srcset=\"https:\/\/conferences.ifac-control.org\/micnon2024\/wp-content\/uploads\/sites\/17\/2024\/01\/DanieleAstolfi-975x1024.jpeg 975w, https:\/\/conferences.ifac-control.org\/micnon2024\/wp-content\/uploads\/sites\/17\/2024\/01\/DanieleAstolfi-286x300.jpeg 286w, https:\/\/conferences.ifac-control.org\/micnon2024\/wp-content\/uploads\/sites\/17\/2024\/01\/DanieleAstolfi-768x806.jpeg 768w, https:\/\/conferences.ifac-control.org\/micnon2024\/wp-content\/uploads\/sites\/17\/2024\/01\/DanieleAstolfi.jpeg 1280w\" sizes=\"(max-width: 975px) 100vw, 975px\" \/><\/a><\/figure><div class=\"wp-block-media-text__content\">\n<h3 class=\"wp-block-heading has-ast-global-color-8-color has-text-color\" style=\"font-size:18px\"><strong>Editor<\/strong><\/h3>\n\n\n\n<p style=\"font-size:14px\">CR CNRS Daniele Astolfi<br>France, Lyon, CNRS, LAGEPP<\/p>\n<\/div><\/div>\n\n\n\n<div style=\"margin-top:0;margin-bottom:0;height:\" aria-hidden=\"true\" class=\"wp-block-spacer\"><\/div>\n\n\n\n<div style=\"height:40px\" aria-hidden=\"true\" id=\"diversity-and-inclusion-statement\" class=\"wp-block-spacer\"><\/div>\n\n\n\n<hr class=\"wp-block-separator has-text-color has-ast-global-color-8-color has-alpha-channel-opacity has-ast-global-color-8-background-color has-background is-style-wide\" \/>\n\n\n\n<h2 class=\"wp-block-heading has-text-align-left has-ast-global-color-8-color has-text-color\" style=\"font-size:30px\"><strong>Diversity and Inclusion statement<\/strong><\/h2>\n\n\n\n<div style=\"height:20px\" aria-hidden=\"true\" class=\"wp-block-spacer\"><\/div>\n\n\n\n<p class=\"has-ast-global-color-1-color has-text-color\" style=\"font-size:14px\">IFAC, as an international federation serving and representing all those concerned with the theory and application of automatic control and systems engineering wherever situated, is devoted to creating and fostering an inclusive environment that is open to diverse thoughts, ideas, and communications, without fear of discrimination, harassment, or retaliation against any member of this community. It is committed to providing equal opportunities and a safe environment for every person who chooses to participate in its work. Additionally IFAC strives for these same principles for all IFAC activities, including technical events, journals, and its various committees and governing boards.<\/p>\n\n\n\n<ul class=\"wp-block-list\">\n<li>IFAC actively promotes the inclusion of a diverse set of speakers, which will lead to more representative discussions across IFAC.<\/li>\n\n\n\n<li>IFAC actively promotes the inclusion of a diverse set of members of its boards and committees at all levels, which will lead to more representative decisions, policies and activities across IFAC.<\/li>\n<\/ul>\n\n\n\n<div style=\"height:40px\" aria-hidden=\"true\" id=\"become-an-ifac-affiliate\" class=\"wp-block-spacer\"><\/div>\n\n\n\n<hr class=\"wp-block-separator has-text-color has-ast-global-color-8-color has-alpha-channel-opacity has-ast-global-color-8-background-color has-background is-style-wide\" \/>\n\n\n\n<h2 class=\"wp-block-heading has-text-align-left has-ast-global-color-8-color has-text-color\" style=\"font-size:30px\"><strong>Become An IFAC Affiliate<\/strong><\/h2>\n\n\n\n<div style=\"height:20px\" aria-hidden=\"true\" class=\"wp-block-spacer\"><\/div>\n\n\n\n<p style=\"font-size:14px\">IFAC offers services dedicated to individuals who sign-up as IFAC Affiliates. The services include the possibility to share and consult information about other Affiliates. It also gives access to more advanced features such as :<\/p>\n\n\n\n<ul class=\"wp-block-list\">\n<li>Receiving the <a rel=\"noreferrer noopener\" href=\"https:\/\/www.ifac-control.org\/publications\/newsletter_archives\" target=\"_blank\">IFAC Newsletter<\/a>.<\/li>\n\n\n\n<li>Receiving alerts about the IFAC Conferences in your <a rel=\"noreferrer noopener\" href=\"https:\/\/www.ifac-control.org\/areas\" target=\"_blank\">field\/s of interest<\/a>.<\/li>\n\n\n\n<li>Benefit for reduced registration fees at IFAC Conferences. Conferences are typically 10\u20ac (or the local equivalent) less expensive for IFAC Affiliates, than for non-affiliates.<\/li>\n\n\n\n<li>Participating in <a rel=\"noreferrer noopener\" href=\"https:\/\/tc.ifac-control.org\/\" target=\"_blank\">IFAC Technical Activities<\/a>.<\/li>\n\n\n\n<li>Organizing <a rel=\"noreferrer noopener\" href=\"https:\/\/www.ifac-control.org\/conferences\/@@conference_view\" target=\"_blank\">IFAC Conferences<\/a>.<\/li>\n\n\n\n<li>Participating in <a rel=\"noreferrer noopener\" href=\"https:\/\/www.ifac-control.org\/publications\/journals\" target=\"_blank\">IFAC Journals<\/a>.<\/li>\n\n\n\n<li>Applying to <a rel=\"noreferrer noopener\" href=\"https:\/\/www.ifac-control.org\/awards\" target=\"_blank\">IFAC Awards<\/a>.<\/li>\n\n\n\n<li>Applying to the <a rel=\"noreferrer noopener\" href=\"https:\/\/www.ifac-control.org\/areas\/activity-fund\" target=\"_blank\">IFAC Activity fund<\/a>.<\/li>\n\n\n\n<li>And more to come in the future.<\/li>\n<\/ul>\n\n\n\n<p style=\"font-size:14px\">Moreover, being an IFAC Affiliate is free of charge. Any individual who is interested in Control Engineering should sign up !<\/p>\n\n\n\n<div class=\"wp-block-buttons is-content-justification-center is-layout-flex wp-container-core-buttons-is-layout-1 wp-block-buttons-is-layout-flex\">\n<div class=\"wp-block-button has-custom-width wp-block-button__width-50 is-style-fill\"><a class=\"wp-block-button__link has-ast-global-color-0-background-color has-background wp-element-button\" href=\"https:\/\/affiliates.ifac-control.org\/\" style=\"border-radius:5px\" target=\"_blank\" rel=\"noreferrer noopener\">Sign-Up with IFAC<\/a><\/div>\n<\/div>\n\n\n\n<div style=\"height:\" aria-hidden=\"true\" class=\"wp-block-spacer\"><\/div>\n\n\n\n<div style=\"height:150px\" aria-hidden=\"true\" class=\"wp-block-spacer\"><\/div>\n","protected":false},"excerpt":{"rendered":"<p>GENERAL INFORMATION Welcome to Lyon the 4-5-6 September 2024 ! We are thrilled to extend a warm welcome to all participants attending the Nonlinear Control Conference in the picturesque city of Lyon. Get ready for an engaging experience at the intersection of cutting-edge research and the charm of this beautiful city! About MICNON National Organizing &hellip;<\/p>\n<p class=\"read-more\"> <a class=\"\" href=\"https:\/\/conferences.ifac-control.org\/micnon2024\/\"> <span class=\"screen-reader-text\">General information<\/span> Read More &raquo;<\/a><\/p>\n","protected":false},"author":2,"featured_media":0,"parent":0,"menu_order":0,"comment_status":"closed","ping_status":"closed","template":"","meta":{"site-sidebar-layout":"default","site-content-layout":"default","ast-global-header-display":"","ast-main-header-display":"","ast-hfb-above-header-display":"","ast-hfb-below-header-display":"","ast-hfb-mobile-header-display":"","site-post-title":"disabled","ast-breadcrumbs-content":"","ast-featured-img":"","footer-sml-layout":"","theme-transparent-header-meta":"","adv-header-id-meta":"","stick-header-meta":"","header-above-stick-meta":"","header-main-stick-meta":"","header-below-stick-meta":"","footnotes":""},"class_list":["post-15","page","type-page","status-publish","hentry"],"aioseo_notices":[],"_links":{"self":[{"href":"https:\/\/conferences.ifac-control.org\/micnon2024\/wp-json\/wp\/v2\/pages\/15"}],"collection":[{"href":"https:\/\/conferences.ifac-control.org\/micnon2024\/wp-json\/wp\/v2\/pages"}],"about":[{"href":"https:\/\/conferences.ifac-control.org\/micnon2024\/wp-json\/wp\/v2\/types\/page"}],"author":[{"embeddable":true,"href":"https:\/\/conferences.ifac-control.org\/micnon2024\/wp-json\/wp\/v2\/users\/2"}],"replies":[{"embeddable":true,"href":"https:\/\/conferences.ifac-control.org\/micnon2024\/wp-json\/wp\/v2\/comments?post=15"}],"version-history":[{"count":100,"href":"https:\/\/conferences.ifac-control.org\/micnon2024\/wp-json\/wp\/v2\/pages\/15\/revisions"}],"predecessor-version":[{"id":1436,"href":"https:\/\/conferences.ifac-control.org\/micnon2024\/wp-json\/wp\/v2\/pages\/15\/revisions\/1436"}],"wp:attachment":[{"href":"https:\/\/conferences.ifac-control.org\/micnon2024\/wp-json\/wp\/v2\/media?parent=15"}],"curies":[{"name":"wp","href":"https:\/\/api.w.org\/{rel}","templated":true}]}}