{"id":23,"date":"2022-12-06T14:49:26","date_gmt":"2022-12-06T14:49:26","guid":{"rendered":"https:\/\/pocifac.themecloud.dev\/?page_id=23"},"modified":"2024-08-21T10:03:19","modified_gmt":"2024-08-21T08:03:19","slug":"venue","status":"publish","type":"page","link":"https:\/\/conferences.ifac-control.org\/micnon2024\/venue\/","title":{"rendered":"Venue"},"content":{"rendered":"\n<div style=\"height:100px\" aria-hidden=\"true\" id=\"IFAC-conference-app\" class=\"wp-block-spacer\"><\/div>\n\n\n\n<h1 class=\"wp-block-heading has-text-align-center has-ast-global-color-0-color has-text-color\" style=\"font-size:48px\"><strong>PRACTICAL INFORMATIONS<\/strong><\/h1>\n\n\n\n<div style=\"height:80px\" aria-hidden=\"true\" class=\"wp-block-spacer\"><\/div>\n\n\n\n<h2 class=\"wp-block-heading\">Conference venue<\/h2>\n\n\n\n<h2 class=\"wp-block-heading has-text-align-center has-ast-global-color-8-color has-text-color\" style=\"font-size:18px\">Palais Hirsch, also known as Ch\u00e2teau de Hirsch, is a magnificent historical building situated in the 7th arrondissement of Lyon. It is currently integrated into the Berges du Rh\u00f4ne campus of the Universit\u00e9 Lyon 2.<\/h2>\n\n\n\n<figure class=\"wp-block-image aligncenter size-full\"><a href=\"https:\/\/maps.app.goo.gl\/FYsndjDdgfgpuhci8\"><img loading=\"lazy\" decoding=\"async\" width=\"510\" height=\"340\" src=\"https:\/\/conferences.ifac-control.org\/micnon2024\/wp-content\/uploads\/sites\/17\/2024\/01\/palais_hirsch_nocturne_web_1-1.jpg\" alt=\"\" class=\"wp-image-1322\" srcset=\"https:\/\/conferences.ifac-control.org\/micnon2024\/wp-content\/uploads\/sites\/17\/2024\/01\/palais_hirsch_nocturne_web_1-1.jpg 510w, https:\/\/conferences.ifac-control.org\/micnon2024\/wp-content\/uploads\/sites\/17\/2024\/01\/palais_hirsch_nocturne_web_1-1-300x200.jpg 300w\" sizes=\"(max-width: 510px) 100vw, 510px\" \/><\/a><\/figure>\n\n\n\n<hr class=\"wp-block-separator has-alpha-channel-opacity is-style-wide\" \/>\n\n\n\n<p><strong>To access Palais Hirsch, you need to enter through the Universit\u00e9 Lyon 2 entrance located at 4bis rue de l&#8217;Universit\u00e9.<\/strong><\/p>\n\n\n\n<figure class=\"wp-block-image aligncenter size-large\"><img loading=\"lazy\" decoding=\"async\" width=\"1024\" height=\"893\" src=\"https:\/\/conferences.ifac-control.org\/micnon2024\/wp-content\/uploads\/sites\/17\/2024\/08\/Access2-1024x893.jpg\" alt=\"\" class=\"wp-image-1462\" srcset=\"https:\/\/conferences.ifac-control.org\/micnon2024\/wp-content\/uploads\/sites\/17\/2024\/08\/Access2-1024x893.jpg 1024w, https:\/\/conferences.ifac-control.org\/micnon2024\/wp-content\/uploads\/sites\/17\/2024\/08\/Access2-300x262.jpg 300w, https:\/\/conferences.ifac-control.org\/micnon2024\/wp-content\/uploads\/sites\/17\/2024\/08\/Access2-768x670.jpg 768w, https:\/\/conferences.ifac-control.org\/micnon2024\/wp-content\/uploads\/sites\/17\/2024\/08\/Access2.jpg 1224w\" sizes=\"(max-width: 1024px) 100vw, 1024px\" \/><\/figure>\n\n\n\n<p>Universit\u00e9 Lyon 2 entrance at 4bis rue de l&#8217;Universit\u00e9<\/p>\n\n\n\n<p><strong>Here&#8217;s how:<\/strong><\/p>\n\n\n\n<ol class=\"wp-block-list\">\n<li><strong>Go to Universit\u00e9 Lyon 2, Campus Berges du Rh\u00f4ne.<\/strong> The address for this specific entrance is 4bis rue de l&#8217;Universit\u00e9, 69007 Lyon.<\/li>\n\n\n\n<li><strong>Enter through the university entrance at this address.<\/strong><\/li>\n\n\n\n<li><strong>Once inside, follow the signs or directions to Palais Hirsch.<\/strong> The building is situated within the campus, you should be able to find signs or ask for directions at the reception.<\/li>\n<\/ol>\n","protected":false},"excerpt":{"rendered":"<p>PRACTICAL INFORMATIONS Conference venue Palais Hirsch, also known as Ch\u00e2teau de Hirsch, is a magnificent historical building situated in the 7th arrondissement of Lyon. It is currently integrated into the Berges du Rh\u00f4ne campus of the Universit\u00e9 Lyon 2. To access Palais Hirsch, you need to enter through the Universit\u00e9 Lyon 2 entrance located at &hellip;<\/p>\n<p class=\"read-more\"> <a class=\"\" href=\"https:\/\/conferences.ifac-control.org\/micnon2024\/venue\/\"> <span class=\"screen-reader-text\">Venue<\/span> Read More &raquo;<\/a><\/p>\n","protected":false},"author":18,"featured_media":0,"parent":0,"menu_order":0,"comment_status":"closed","ping_status":"closed","template":"","meta":{"site-sidebar-layout":"default","site-content-layout":"default","ast-global-header-display":"","ast-main-header-display":"","ast-hfb-above-header-display":"","ast-hfb-below-header-display":"","ast-hfb-mobile-header-display":"","site-post-title":"disabled","ast-breadcrumbs-content":"","ast-featured-img":"","footer-sml-layout":"","theme-transparent-header-meta":"","adv-header-id-meta":"","stick-header-meta":"","header-above-stick-meta":"","header-main-stick-meta":"","header-below-stick-meta":"","footnotes":""},"class_list":["post-23","page","type-page","status-publish","hentry"],"aioseo_notices":[],"_links":{"self":[{"href":"https:\/\/conferences.ifac-control.org\/micnon2024\/wp-json\/wp\/v2\/pages\/23"}],"collection":[{"href":"https:\/\/conferences.ifac-control.org\/micnon2024\/wp-json\/wp\/v2\/pages"}],"about":[{"href":"https:\/\/conferences.ifac-control.org\/micnon2024\/wp-json\/wp\/v2\/types\/page"}],"author":[{"embeddable":true,"href":"https:\/\/conferences.ifac-control.org\/micnon2024\/wp-json\/wp\/v2\/users\/18"}],"replies":[{"embeddable":true,"href":"https:\/\/conferences.ifac-control.org\/micnon2024\/wp-json\/wp\/v2\/comments?post=23"}],"version-history":[{"count":65,"href":"https:\/\/conferences.ifac-control.org\/micnon2024\/wp-json\/wp\/v2\/pages\/23\/revisions"}],"predecessor-version":[{"id":1463,"href":"https:\/\/conferences.ifac-control.org\/micnon2024\/wp-json\/wp\/v2\/pages\/23\/revisions\/1463"}],"wp:attachment":[{"href":"https:\/\/conferences.ifac-control.org\/micnon2024\/wp-json\/wp\/v2\/media?parent=23"}],"curies":[{"name":"wp","href":"https:\/\/api.w.org\/{rel}","templated":true}]}}