{"id":15,"date":"2022-12-06T14:48:13","date_gmt":"2022-12-06T13:48:13","guid":{"rendered":"https:\/\/pocifac.themecloud.dev\/?page_id=15"},"modified":"2025-11-06T05:58:20","modified_gmt":"2025-11-06T04:58:20","slug":"committees","status":"publish","type":"page","link":"https:\/\/conferences.ifac-control.org\/mmm2025\/committees\/","title":{"rendered":"Committees"},"content":{"rendered":"\n<h4 class=\"wp-block-heading has-ast-global-color-8-color has-text-color\" style=\"font-size:18px\"><strong>Main IFAC sponsoring Technical Committee<\/strong><\/h4>\n\n\n\n<ul class=\"wp-block-list\">\n<li>TC 6.2. Mining, Mineral and Metal Processing<\/li>\n<\/ul>\n\n\n\n<h4 class=\"wp-block-heading has-ast-global-color-8-color has-text-color\" style=\"font-size:18px\">IFAC Co-sponsoring Technical Committees<\/h4>\n\n\n\n<ul class=\"wp-block-list\">\n<li>TC 2.3. Non-Linear Control Systems <\/li>\n\n\n\n<li>TC 2.4. Optimal Control <\/li>\n\n\n\n<li>TC 5.3. Integration and Interoperability of Enterprise Systems (I2ES)<\/li>\n\n\n\n<li>TC 5.4. Large Scale Complex Systems <\/li>\n\n\n\n<li>TC 6.1. Chemical Process Control<\/li>\n\n\n\n<li>TC 6.2. Mining, Mineral and Metal Processing <\/li>\n\n\n\n<li>TC 6.3. Power and Energy Systems <\/li>\n\n\n\n<li>TC 6.4. Fault Detection,Supervision&amp;Safety of Techn.Processes-SAFEPROCESS <\/li>\n\n\n\n<li>TC 9.4. Control Education <\/li>\n<\/ul>\n\n\n\n<h4 class=\"wp-block-heading has-ast-global-color-8-color has-text-color\" style=\"font-size:18px\">Other scientific bodies co-sponsoring technically the conference<\/h4>\n\n\n\n<ul class=\"wp-block-list\">\n<li>Pontificia Universidad Cat\u00f3lica del Per\u00fa &#8211; Engineering Department<\/li>\n<\/ul>\n\n\n\n<div style=\"height:\" aria-hidden=\"true\" class=\"wp-block-spacer\"><\/div>\n\n\n\n<hr class=\"wp-block-separator has-text-color has-ast-global-color-8-color has-alpha-channel-opacity has-ast-global-color-8-background-color has-background is-style-wide\" \/>\n\n\n<div style=\"height: 80px\" aria-hidden=\"true\">&nbsp;<\/div>\n\n\n<h2 class=\"wp-block-heading has-text-align-left has-ast-global-color-8-color has-text-color\" id=\"national-organizing-committee\" style=\"font-size:30px\"><strong>National Organizing Committee<\/strong><\/h2>\n\n\n\n<div style=\"height:20px\" aria-hidden=\"true\" class=\"wp-block-spacer\"><\/div>\n\n\n\n<div class=\"wp-block-media-text alignwide has-media-on-the-right is-stacked-on-mobile is-vertically-aligned-top\" style=\"padding-right:2rem;padding-left:2rem;grid-template-columns:auto 15%\"><div class=\"wp-block-media-text__content\">\n<h2 class=\"wp-block-heading has-text-align-center has-ast-global-color-8-color has-text-color\" style=\"font-size:18px\"><strong>NOC Chair<\/strong><\/h2>\n\n\n\n<p class=\"has-text-align-center\" style=\"font-size:14px\">Javier Sotomayor <br>(Pontificia Universidad Cat\u00f3lica del Per\u00fa)<\/p>\n<\/div><figure class=\"wp-block-media-text__media\"><img loading=\"lazy\" decoding=\"async\" width=\"250\" height=\"250\" src=\"https:\/\/conferences.ifac-control.org\/mmm2025\/wp-content\/uploads\/sites\/26\/2025\/02\/Javier3.jpg\" alt=\"\" class=\"wp-image-1349 size-full\" srcset=\"https:\/\/conferences.ifac-control.org\/mmm2025\/wp-content\/uploads\/sites\/26\/2025\/02\/Javier3.jpg 250w, https:\/\/conferences.ifac-control.org\/mmm2025\/wp-content\/uploads\/sites\/26\/2025\/02\/Javier3-150x150.jpg 150w\" sizes=\"(max-width: 250px) 100vw, 250px\" \/><\/figure><\/div>\n\n\n\n<div style=\"height:20px\" aria-hidden=\"true\" class=\"wp-block-spacer\"><\/div>\n\n\n\n<div class=\"wp-block-media-text alignwide has-media-on-the-right is-stacked-on-mobile is-vertically-aligned-top\" style=\"padding-right:2rem;padding-left:2rem;grid-template-columns:auto 15%\"><div class=\"wp-block-media-text__content\">\n<h2 class=\"wp-block-heading has-text-align-center has-ast-global-color-8-color has-text-color\" style=\"font-size:18px\"><strong>NOC Co-chair<\/strong><\/h2>\n\n\n\n<p class=\"has-text-align-center\" style=\"font-size:14px\">Gustavo P\u00e9rez <br>(Pontificia Universidad Cat\u00f3lica del Per\u00fa)<\/p>\n<\/div><figure class=\"wp-block-media-text__media\"><img loading=\"lazy\" decoding=\"async\" width=\"250\" height=\"250\" src=\"https:\/\/conferences.ifac-control.org\/mmm2025\/wp-content\/uploads\/sites\/26\/2025\/02\/Gustavo3.jpg\" alt=\"\" class=\"wp-image-1348 size-full\" srcset=\"https:\/\/conferences.ifac-control.org\/mmm2025\/wp-content\/uploads\/sites\/26\/2025\/02\/Gustavo3.jpg 250w, https:\/\/conferences.ifac-control.org\/mmm2025\/wp-content\/uploads\/sites\/26\/2025\/02\/Gustavo3-150x150.jpg 150w\" sizes=\"(max-width: 250px) 100vw, 250px\" \/><\/figure><\/div>\n\n\n\n<div style=\"height:20px\" aria-hidden=\"true\" class=\"wp-block-spacer\"><\/div>\n\n\n\n<div class=\"wp-block-media-text alignwide has-media-on-the-right is-stacked-on-mobile is-vertically-aligned-top\" style=\"padding-right:2rem;padding-left:2rem;grid-template-columns:auto 15%\"><div class=\"wp-block-media-text__content\">\n<h2 class=\"wp-block-heading has-text-align-center has-ast-global-color-8-color has-text-color\" style=\"margin-right:0;margin-left:0;font-size:18px\"><strong>NOC Vice-Chair from industry<\/strong><\/h2>\n\n\n\n<p class=\"has-text-align-center\" style=\"font-size:14px\">Julio Palomino<br>(MMG Las Bambas, Per\u00fa)<\/p>\n<\/div><figure class=\"wp-block-media-text__media\"><img loading=\"lazy\" decoding=\"async\" width=\"225\" height=\"225\" src=\"https:\/\/conferences.ifac-control.org\/mtsdc2024\/wp-content\/uploads\/sites\/8\/2023\/01\/telechargement.png\" alt=\"\" class=\"wp-image-206 size-full\" srcset=\"https:\/\/conferences.ifac-control.org\/mmm2025\/wp-content\/uploads\/sites\/26\/2023\/01\/telechargement.png 225w, https:\/\/conferences.ifac-control.org\/mmm2025\/wp-content\/uploads\/sites\/26\/2023\/01\/telechargement-150x150.png 150w\" sizes=\"(max-width: 225px) 100vw, 225px\" \/><\/figure><\/div>\n\n\n\n<div style=\"height:20px\" aria-hidden=\"true\" class=\"wp-block-spacer\"><\/div>\n\n\n\n<div class=\"wp-block-media-text alignwide has-media-on-the-right is-stacked-on-mobile is-vertically-aligned-top\" style=\"padding-right:2rem;padding-left:2rem;grid-template-columns:auto 15%\"><div class=\"wp-block-media-text__content\">\n<h2 class=\"wp-block-heading has-text-align-center has-ast-global-color-8-color has-text-color\" style=\"margin-right:0;margin-left:0;font-size:18px\"><strong>Editor<\/strong><\/h2>\n\n\n\n<p class=\"has-text-align-center\" style=\"margin-top:0;margin-right:0;margin-bottom:0;margin-left:0;font-size:14px\">Derik Leroux<br>(University of Pretoria, South Africa)<\/p>\n<\/div><figure class=\"wp-block-media-text__media\"><img loading=\"lazy\" decoding=\"async\" width=\"250\" height=\"250\" src=\"https:\/\/conferences.ifac-control.org\/mmm2025\/wp-content\/uploads\/sites\/26\/2025\/02\/derik3.jpg\" alt=\"\" class=\"wp-image-1347 size-full\" srcset=\"https:\/\/conferences.ifac-control.org\/mmm2025\/wp-content\/uploads\/sites\/26\/2025\/02\/derik3.jpg 250w, https:\/\/conferences.ifac-control.org\/mmm2025\/wp-content\/uploads\/sites\/26\/2025\/02\/derik3-150x150.jpg 150w\" sizes=\"(max-width: 250px) 100vw, 250px\" \/><\/figure><\/div>\n\n\n\n<div style=\"height:37px\" aria-hidden=\"true\" class=\"wp-block-spacer\"><\/div>\n\n\n\n<div style=\"height:20px\" aria-hidden=\"true\" class=\"wp-block-spacer\"><\/div>\n\n\n\n<div class=\"wp-block-media-text has-media-on-the-right is-stacked-on-mobile is-vertically-aligned-top\" style=\"padding-right:0rem;padding-left:0rem;grid-template-columns:auto 15%\"><div class=\"wp-block-media-text__content\">\n<h2 class=\"wp-block-heading has-text-align-center has-ast-global-color-8-color has-text-color\" style=\"font-size:18px\"><strong>Local Organizing Committee<\/strong><\/h2>\n\n\n\n<p class=\"has-text-align-left\" style=\"font-size:14px\">Edmundo Alfaro<br>(Pontificia Universidad Cat\u00f3lica del Per\u00fa)<\/p>\n\n\n\n<p>Francisco Cuellar<br>(Pontificia Universidad Cat\u00f3lica del Per\u00fa)<\/p>\n\n\n\n<p>Ra\u00fal Yanyachi<br>(Universidad Nacional de San Agustin, Per\u00fa)<\/p>\n\n\n\n<p style=\"font-size:14px\">Luis Enciso<br>(Pontificia Universidad Cat\u00f3lica del Per\u00fa)<\/p>\n<\/div><figure class=\"wp-block-media-text__media\"><\/figure><\/div>\n\n\n\n<div style=\"height:20px\" aria-hidden=\"true\" class=\"wp-block-spacer\"><\/div>\n\n\n\n<div style=\"height:\" aria-hidden=\"true\" class=\"wp-block-spacer\"><\/div>\n\n\n\n<div style=\"height:70px\" aria-hidden=\"true\" id=\"international-program-committee\" class=\"wp-block-spacer\"><\/div>\n\n\n\n<hr class=\"wp-block-separator has-text-color has-ast-global-color-8-color has-alpha-channel-opacity has-ast-global-color-8-background-color has-background is-style-wide\" \/>\n\n\n<div style=\"height: 80px\" aria-hidden=\"true\">\u00a0<\/div>\n\n\n<h2 class=\"wp-block-heading has-text-align-left has-ast-global-color-8-color has-text-color\" id=\"international-program-committee\" style=\"font-size:30px\"><strong>International Program Committee<\/strong><\/h2>\n\n\n\n<div style=\"height:20px\" aria-hidden=\"true\" class=\"wp-block-spacer\"><\/div>\n\n\n\n<div class=\"wp-block-media-text alignwide has-media-on-the-right is-stacked-on-mobile is-vertically-aligned-top\" style=\"padding-right:2rem;padding-left:2rem;grid-template-columns:auto 15%\"><div class=\"wp-block-media-text__content\">\n<h2 class=\"wp-block-heading has-ast-global-color-8-color has-text-color\" style=\"font-size:18px\"><strong>IPC Chair<\/strong><\/h2>\n\n\n\n<p style=\"font-size:14px\">Chris Aldrich, Curtin University <br>(Australia)<\/p>\n<\/div><figure class=\"wp-block-media-text__media\"><img loading=\"lazy\" decoding=\"async\" width=\"250\" height=\"250\" src=\"https:\/\/conferences.ifac-control.org\/mmm2025\/wp-content\/uploads\/sites\/26\/2025\/02\/chris3.png\" alt=\"\" class=\"wp-image-1352 size-full\" srcset=\"https:\/\/conferences.ifac-control.org\/mmm2025\/wp-content\/uploads\/sites\/26\/2025\/02\/chris3.png 250w, https:\/\/conferences.ifac-control.org\/mmm2025\/wp-content\/uploads\/sites\/26\/2025\/02\/chris3-150x150.png 150w\" sizes=\"(max-width: 250px) 100vw, 250px\" \/><\/figure><\/div>\n\n\n\n<div style=\"height:20px\" aria-hidden=\"true\" class=\"wp-block-spacer\"><\/div>\n\n\n\n<div class=\"wp-block-media-text alignwide has-media-on-the-right is-stacked-on-mobile is-vertically-aligned-top\" style=\"padding-right:2rem;padding-left:2rem;grid-template-columns:auto 15%\"><div class=\"wp-block-media-text__content\">\n<h2 class=\"wp-block-heading has-ast-global-color-8-color has-text-color\" style=\"font-size:18px\"><strong>IPC Vice-Chair<\/strong><\/h2>\n\n\n\n<p style=\"font-size:14px\">Chunhua Yang, Central South University  <br>(China)<\/p>\n<\/div><figure class=\"wp-block-media-text__media\"><img loading=\"lazy\" decoding=\"async\" width=\"250\" height=\"250\" src=\"https:\/\/conferences.ifac-control.org\/mmm2025\/wp-content\/uploads\/sites\/26\/2025\/02\/chunhua_yang3.jpg\" alt=\"\" class=\"wp-image-1353 size-full\" srcset=\"https:\/\/conferences.ifac-control.org\/mmm2025\/wp-content\/uploads\/sites\/26\/2025\/02\/chunhua_yang3.jpg 250w, https:\/\/conferences.ifac-control.org\/mmm2025\/wp-content\/uploads\/sites\/26\/2025\/02\/chunhua_yang3-150x150.jpg 150w\" sizes=\"(max-width: 250px) 100vw, 250px\" \/><\/figure><\/div>\n\n\n\n<div style=\"height:20px\" aria-hidden=\"true\" class=\"wp-block-spacer\"><\/div>\n\n\n\n<div class=\"wp-block-media-text alignwide has-media-on-the-right is-stacked-on-mobile is-vertically-aligned-top\" style=\"padding-right:2rem;padding-left:2rem;grid-template-columns:auto 15%\"><div class=\"wp-block-media-text__content\">\n<h2 class=\"wp-block-heading has-ast-global-color-8-color has-text-color\" style=\"font-size:18px\"><strong>IPC Vice-Chair from Industry<\/strong><\/h2>\n\n\n\n<p style=\"font-size:14px\">Kevin Brooks, Johannesburg  <br>(South Africa)<\/p>\n<\/div><figure class=\"wp-block-media-text__media\"><img loading=\"lazy\" decoding=\"async\" width=\"250\" height=\"250\" src=\"https:\/\/conferences.ifac-control.org\/mmm2025\/wp-content\/uploads\/sites\/26\/2025\/02\/Kevin2.png\" alt=\"\" class=\"wp-image-1354 size-full\" srcset=\"https:\/\/conferences.ifac-control.org\/mmm2025\/wp-content\/uploads\/sites\/26\/2025\/02\/Kevin2.png 250w, https:\/\/conferences.ifac-control.org\/mmm2025\/wp-content\/uploads\/sites\/26\/2025\/02\/Kevin2-150x150.png 150w\" sizes=\"(max-width: 250px) 100vw, 250px\" \/><\/figure><\/div>\n\n\n\n<div style=\"height:131px\" aria-hidden=\"true\" class=\"wp-block-spacer\"><\/div>\n\n\n\n<div class=\"wp-block-columns alignwide are-vertically-aligned-top is-layout-flex wp-container-core-columns-is-layout-1 wp-block-columns-is-layout-flex\" style=\"padding-right:2rem;padding-left:2rem\">\n<div class=\"wp-block-column is-layout-flow wp-block-column-is-layout-flow\" style=\"flex-basis:50%\">\n<h2 class=\"wp-block-heading has-ast-global-color-8-color has-text-color\" style=\"font-size:18px\"><strong>IPC Members<\/strong><\/h2>\n\n\n\n<p style=\"font-size:14px\">Lidia Auret <br>(Stone Three, Stellenbosch, South Africa)<\/p>\n\n\n\n<p style=\"font-size:14px\">Jie Bao  <br>(University of New South Wales, Australia)<\/p>\n\n\n\n<p style=\"font-size:14px\">Osvaldo&nbsp;Bascur <br>(OSB Digital, USA)<\/p>\n\n\n\n<p style=\"font-size:14px\">Luis&nbsp;Bergh <br>(Santa Maria University, Chile)<\/p>\n\n\n\n<p style=\"font-size:14px\">Jocelyn Bouchard <br>(University Laval, Canada)<\/p>\n\n\n\n<p style=\"font-size:14px\">Kevin Brooks &nbsp; <br>(University of the Witwatersrand, South Africa)<\/p>\n\n\n\n<p style=\"font-size:14px\">Valentina Colla <br>(Sant\u2019Anna, Italy)<\/p>\n\n\n\n<p style=\"font-size:14px\">Ian&nbsp;Craig <br>(University of Pretoria, South Africa)<\/p>\n\n\n\n<p style=\"font-size:14px\">Francesco Cuzzola <br>(Danieli Automation, Italy)<\/p>\n\n\n\n<p style=\"font-size:14px\">Jinliang Ding <br>(Northeastern University, China)<\/p>\n\n\n\n<p>Morten Hovd <br>(Norwegian University of Science and Technology, Norway)<\/p>\n\n\n\n<p>Biao Huang <br>(University of Alberta, Canada)<\/p>\n\n\n\n<p>Gabriel Hulk\u00f3 <br>(Slovak Technical University, Slovakia)<\/p>\n\n\n\n<p>Hiroshi Kitada <br>(Nippon Steel, Japan)<\/p>\n\n\n\n<p>Florian Kongoli <br>(Flogen Technologies, Canada)<\/p>\n<\/div>\n\n\n\n<div class=\"wp-block-column is-layout-flow wp-block-column-is-layout-flow\" style=\"flex-basis:50%\">\n<h4 class=\"wp-block-heading\"><\/h4>\n\n\n\n<p>Derik Le Roux  <br>(University of Pretoria, South Africa)<\/p>\n\n\n\n<p style=\"font-size:14px\">Zhongmei&nbsp; Li <br>(East China University Of Science and Technology, China)<\/p>\n\n\n\n<p style=\"font-size:14px\">Xiu Liu <br>(Curtin University, Australia)<\/p>\n\n\n\n<p style=\"font-size:14px\">Tiago Oliveira <br>(State University of Rio de Janeiro, Brazil)<\/p>\n\n\n\n<p style=\"font-size:14px\">Gustavo Perez <br>(Pontificia Universidad Cat\u00f3lica del Per\u00fa)<\/p>\n\n\n\n<p style=\"font-size:14px\">Vicen\u00e7 Puig &nbsp; <br>(Universitat Polilt\u00e8cnica de Catalunya, Spain)<\/p>\n\n\n\n<p style=\"font-size:14px\">Johann Reger  <br>(Technical University of Ilmenau, Germany)<\/p>\n\n\n\n<p style=\"font-size:14px\">Jari Ruuska <br>(UUniversity of Oulu, Finland)<\/p>\n\n\n\n<p style=\"font-size:14px\">Daniel Sbarbaro <br>(University of Concepcion, Chile)<\/p>\n\n\n\n<p style=\"font-size:14px\">Andreas Steinboeck <br>(Vienna University of Technology, Austria)<\/p>\n\n\n\n<p>Didier Theilliol  <br>(University of Lorraine, France)<\/p>\n\n\n\n<p>Alejandro Vargas <br>(Universidad Nacional Aut\u00f3noma de M\u00e9xico)<\/p>\n\n\n\n<p>&nbsp;Xiaoli Wang <br>(Central South University, China)<\/p>\n\n\n\n<p>\u00a0Kristian Waters<br>(McGill University, Canada)<\/p>\n\n\n\n<p>Chunhua Yang <br>(Central South University, China)<\/p>\n\n\n\n<p>Edmundo Alfaro <br>(Pontificia Universidad Cat\u00f3lica del Per\u00fa)<\/p>\n<\/div>\n<\/div>\n\n\n\n<p><\/p>\n\n\n\n<div style=\"margin-top:0;margin-bottom:0;height:\" aria-hidden=\"true\" class=\"wp-block-spacer\"><\/div>\n\n\n\n<div style=\"height:70px\" aria-hidden=\"true\" id=\"diversity-and-inclusion-statement\" class=\"wp-block-spacer\"><\/div>\n\n\n\n<hr class=\"wp-block-separator has-text-color has-ast-global-color-8-color has-alpha-channel-opacity has-ast-global-color-8-background-color has-background is-style-wide\" \/>\n\n\n<div style=\"height: 80px\" aria-hidden=\"true\">&nbsp;<\/div>\n\n\n<h2 class=\"wp-block-heading has-text-align-left has-ast-global-color-8-color has-text-color\" id=\"diversity-and-inclusion-statement\" style=\"font-size:30px\"><strong>Diversity and Inclusion statement<\/strong><\/h2>\n\n\n\n<div style=\"height:20px\" aria-hidden=\"true\" class=\"wp-block-spacer\"><\/div>\n\n\n\n<p class=\"has-ast-global-color-1-color has-text-color\" style=\"font-size:14px\">IFAC, as an international federation serving and representing all those concerned with the theory and application of automatic control and systems engineering wherever situated, is devoted to creating and fostering an inclusive environment that is open to diverse thoughts, ideas, and communications, without fear of discrimination, harassment, or retaliation against any member of this community. It is committed to providing equal opportunities and a safe environment for every person who chooses to participate in its work. Additionally IFAC strives for these same principles for all IFAC activities, including technical events, journals, and its various committees and governing boards.<\/p>\n\n\n\n<ul class=\"wp-block-list\">\n<li>IFAC actively promotes the inclusion of a diverse set of speakers, which will lead to more representative discussions across IFAC.<\/li>\n\n\n\n<li>IFAC actively promotes the inclusion of a diverse set of members of its boards and committees at all levels, which will lead to more representative decisions, policies and activities across IFAC.<\/li>\n<\/ul>\n\n\n\n<div style=\"height:20px\" aria-hidden=\"true\" class=\"wp-block-spacer\"><\/div>\n\n\n\n<p style=\"font-size:14px\">More about <a href=\"https:\/\/www.ifac-control.org\/about\/vision-and-mission\">IFAC Mission and Vision<\/a><\/p>\n\n\n\n<div style=\"height:70px\" aria-hidden=\"true\" id=\"become-an-ifac-affiliate\" class=\"wp-block-spacer\"><\/div>\n\n\n\n<hr class=\"wp-block-separator has-text-color has-ast-global-color-8-color has-alpha-channel-opacity has-ast-global-color-8-background-color has-background is-style-wide\" \/>\n\n\n<div style=\"height: 80px\" aria-hidden=\"true\">&nbsp;<\/div>\n\n\n<h2 class=\"wp-block-heading has-text-align-left has-ast-global-color-8-color has-text-color\" id=\"become-an-ifac-affiliate\" style=\"font-size:30px\"><strong>Become An IFAC Affiliate<\/strong><\/h2>\n\n\n\n<div style=\"height:20px\" aria-hidden=\"true\" class=\"wp-block-spacer\"><\/div>\n\n\n\n<p style=\"font-size:14px\">IFAC offers services dedicated to individuals who sign-up as IFAC Affiliates. The services include the possibility to share and consult information about other Affiliates. It also gives access to more advanced features such as :<\/p>\n\n\n\n<ul class=\"wp-block-list\">\n<li>Receiving the <a rel=\"noreferrer noopener\" href=\"https:\/\/www.ifac-control.org\/publications\/newsletter_archives\" target=\"_blank\">IFAC Newsletter<\/a>.<\/li>\n\n\n\n<li>Receiving alerts about the IFAC Conferences in your <a rel=\"noreferrer noopener\" href=\"https:\/\/www.ifac-control.org\/areas\" target=\"_blank\">field\/s of interest<\/a>.<\/li>\n\n\n\n<li>Benefit for reduced registration fees at IFAC Conferences. Conferences are typically 10\u20ac (or the local equivalent) less expensive for IFAC Affiliates, than for non-affiliates.<\/li>\n\n\n\n<li>Participating in <a rel=\"noreferrer noopener\" href=\"https:\/\/tc.ifac-control.org\/\" target=\"_blank\">IFAC Technical Activities<\/a>.<\/li>\n\n\n\n<li>Organizing <a rel=\"noreferrer noopener\" href=\"https:\/\/www.ifac-control.org\/conferences\/@@conference_view\" target=\"_blank\">IFAC Conferences<\/a>.<\/li>\n\n\n\n<li>Participating in <a rel=\"noreferrer noopener\" href=\"https:\/\/www.ifac-control.org\/publications\/journals\" target=\"_blank\">IFAC Journals<\/a>.<\/li>\n\n\n\n<li>Applying to <a rel=\"noreferrer noopener\" href=\"https:\/\/www.ifac-control.org\/awards\" target=\"_blank\">IFAC Awards<\/a>.<\/li>\n\n\n\n<li>Applying to the <a rel=\"noreferrer noopener\" href=\"https:\/\/www.ifac-control.org\/areas\/activity-fund\" target=\"_blank\">IFAC Activity fund<\/a>.<\/li>\n\n\n\n<li>And more to come in the future.<\/li>\n<\/ul>\n\n\n\n<p style=\"font-size:14px\">Moreover, being an IFAC Affiliate is free of charge. Any individual who is interested in Control Engineering should sign up !<\/p>\n\n\n\n<div class=\"wp-block-buttons is-content-justification-center is-layout-flex wp-container-core-buttons-is-layout-1 wp-block-buttons-is-layout-flex\">\n<div class=\"wp-block-button has-custom-width wp-block-button__width-50 is-style-fill\"><a class=\"wp-block-button__link has-ast-global-color-0-background-color has-background wp-element-button\" href=\"https:\/\/affiliates.ifac-control.org\/\" style=\"border-radius:5px\" target=\"_blank\" rel=\"noreferrer noopener\">Sign-Up with IFAC<\/a><\/div>\n<\/div>\n\n\n\n<div style=\"height:\" aria-hidden=\"true\" class=\"wp-block-spacer\"><\/div>\n\n\n\n<div style=\"height:150px\" aria-hidden=\"true\" class=\"wp-block-spacer\"><\/div>\n","protected":false},"excerpt":{"rendered":"<p>&nbsp; National Organizing Committee NOC Chair Javier Sotomayor (Pontificia Universidad Cat\u00f3lica del Per\u00fa) NOC Co-chair Gustavo P\u00e9rez (Pontificia Universidad Cat\u00f3lica del Per\u00fa) NOC Vice-Chair from industry Julio Palomino(MMG Las Bambas, Per\u00fa) Editor Derik Leroux(University of Pretoria, South Africa) Local Organizing Committee Edmundo Alfaro(Pontificia Universidad Cat\u00f3lica del Per\u00fa) Francisco Cuellar(Pontificia Universidad Cat\u00f3lica del Per\u00fa) Ra\u00fal Yanyachi(Universidad &hellip;<\/p>\n<p class=\"read-more\"> <a class=\"\" href=\"https:\/\/conferences.ifac-control.org\/mmm2025\/committees\/\"> <span class=\"screen-reader-text\">Committees<\/span> Read More &raquo;<\/a><\/p>\n","protected":false},"author":2,"featured_media":0,"parent":0,"menu_order":0,"comment_status":"closed","ping_status":"closed","template":"","meta":{"site-sidebar-layout":"default","site-content-layout":"default","ast-global-header-display":"","ast-main-header-display":"","ast-hfb-above-header-display":"","ast-hfb-below-header-display":"","ast-hfb-mobile-header-display":"","site-post-title":"disabled","ast-breadcrumbs-content":"","ast-featured-img":"","footer-sml-layout":"","theme-transparent-header-meta":"","adv-header-id-meta":"","stick-header-meta":"","header-above-stick-meta":"","header-main-stick-meta":"","header-below-stick-meta":"","footnotes":""},"class_list":["post-15","page","type-page","status-publish","hentry"],"aioseo_notices":[],"_links":{"self":[{"href":"https:\/\/conferences.ifac-control.org\/mmm2025\/wp-json\/wp\/v2\/pages\/15"}],"collection":[{"href":"https:\/\/conferences.ifac-control.org\/mmm2025\/wp-json\/wp\/v2\/pages"}],"about":[{"href":"https:\/\/conferences.ifac-control.org\/mmm2025\/wp-json\/wp\/v2\/types\/page"}],"author":[{"embeddable":true,"href":"https:\/\/conferences.ifac-control.org\/mmm2025\/wp-json\/wp\/v2\/users\/2"}],"replies":[{"embeddable":true,"href":"https:\/\/conferences.ifac-control.org\/mmm2025\/wp-json\/wp\/v2\/comments?post=15"}],"version-history":[{"count":114,"href":"https:\/\/conferences.ifac-control.org\/mmm2025\/wp-json\/wp\/v2\/pages\/15\/revisions"}],"predecessor-version":[{"id":1597,"href":"https:\/\/conferences.ifac-control.org\/mmm2025\/wp-json\/wp\/v2\/pages\/15\/revisions\/1597"}],"wp:attachment":[{"href":"https:\/\/conferences.ifac-control.org\/mmm2025\/wp-json\/wp\/v2\/media?parent=15"}],"curies":[{"name":"wp","href":"https:\/\/api.w.org\/{rel}","templated":true}]}}