{"id":23,"date":"2022-12-06T14:49:26","date_gmt":"2022-12-06T14:49:26","guid":{"rendered":"https:\/\/pocifac.themecloud.dev\/?page_id=23"},"modified":"2026-03-17T10:40:51","modified_gmt":"2026-03-17T09:40:51","slug":"venue","status":"publish","type":"page","link":"https:\/\/conferences.ifac-control.org\/sysid2027\/venue\/","title":{"rendered":"Venue"},"content":{"rendered":"\n<h1 class=\"wp-block-heading has-text-align-center has-ast-global-color-0-color has-text-color\" style=\"font-size:48px\"><strong>VENUE<\/strong><\/h1>\n\n\n\n<hr class=\"wp-block-separator has-text-color has-ast-global-color-8-color has-alpha-channel-opacity has-ast-global-color-8-background-color has-background is-style-wide\" \/>\n\n\n\n<h2 class=\"wp-block-heading has-text-align-left has-ast-global-color-0-color has-text-color\" style=\"font-size:20px\"><strong>Conference venue<\/strong><\/h2>\n\n\n\n<div class=\"inherit-container-width wp-block-group is-layout-constrained wp-block-group-is-layout-constrained\">\n<p>Eighteen years after its 2009-edition in Saint-Malo, the IFAC Symposium on System Identification returns to France, this time in Lyon.<\/p>\n\n\n\n<p>SYSID 2027 will be held at <a href=\"https:\/\/www.ecam.fr\/en\/campus-lyon\/\" target=\"_blank\" rel=\"noopener\" title=\"\"><strong>ECAM LaSalle<\/strong><\/a>, an engineering school located at:<\/p>\n\n\n\n<p class=\"has-text-align-center\"><strong>40 mont\u00e9e Saint-Barth\u00e9lemy, 69005 Lyon, France<\/strong><\/p>\n\n\n\n<p class=\"has-text-align-left\" style=\"font-size:14px\">The campus is perched on the slopes of Fourvi\u00e8re, one of Lyon\u2019s iconic hills. You can explore the campus through a virtual tour via this <a href=\"https:\/\/www.ecam.fr\/en\/campus-lyon\/\" target=\"_blank\" rel=\"noopener\" title=\"\">link<\/a>.<\/p>\n\n\n\n<div class=\"wp-block-columns is-layout-flex wp-container-core-columns-is-layout-1 wp-block-columns-is-layout-flex\">\n<div class=\"wp-block-column is-layout-flow wp-block-column-is-layout-flow\">\n<figure class=\"wp-block-image aligncenter size-large\"><img loading=\"lazy\" decoding=\"async\" width=\"1024\" height=\"576\" src=\"https:\/\/conferences.ifac-control.org\/sysid2027\/wp-content\/uploads\/sites\/33\/2026\/02\/ECAM_photo-1024x576.jpg\" alt=\"\" class=\"wp-image-1402\" srcset=\"https:\/\/conferences.ifac-control.org\/sysid2027\/wp-content\/uploads\/sites\/33\/2026\/02\/ECAM_photo-1024x576.jpg 1024w, https:\/\/conferences.ifac-control.org\/sysid2027\/wp-content\/uploads\/sites\/33\/2026\/02\/ECAM_photo-300x169.jpg 300w, https:\/\/conferences.ifac-control.org\/sysid2027\/wp-content\/uploads\/sites\/33\/2026\/02\/ECAM_photo-768x432.jpg 768w, https:\/\/conferences.ifac-control.org\/sysid2027\/wp-content\/uploads\/sites\/33\/2026\/02\/ECAM_photo-1536x864.jpg 1536w, https:\/\/conferences.ifac-control.org\/sysid2027\/wp-content\/uploads\/sites\/33\/2026\/02\/ECAM_photo-2048x1152.jpg 2048w\" sizes=\"(max-width: 1024px) 100vw, 1024px\" \/><\/figure>\n<\/div>\n\n\n\n<div class=\"wp-block-column is-layout-flow wp-block-column-is-layout-flow\">\n<figure class=\"wp-block-image size-large\"><img loading=\"lazy\" decoding=\"async\" width=\"1024\" height=\"682\" src=\"https:\/\/conferences.ifac-control.org\/sysid2027\/wp-content\/uploads\/sites\/33\/2026\/02\/ECAM_Amphi_photo-1024x682.jpg\" alt=\"\" class=\"wp-image-1403\" srcset=\"https:\/\/conferences.ifac-control.org\/sysid2027\/wp-content\/uploads\/sites\/33\/2026\/02\/ECAM_Amphi_photo-1024x682.jpg 1024w, https:\/\/conferences.ifac-control.org\/sysid2027\/wp-content\/uploads\/sites\/33\/2026\/02\/ECAM_Amphi_photo-300x200.jpg 300w, https:\/\/conferences.ifac-control.org\/sysid2027\/wp-content\/uploads\/sites\/33\/2026\/02\/ECAM_Amphi_photo-768x512.jpg 768w, https:\/\/conferences.ifac-control.org\/sysid2027\/wp-content\/uploads\/sites\/33\/2026\/02\/ECAM_Amphi_photo-1536x1023.jpg 1536w, https:\/\/conferences.ifac-control.org\/sysid2027\/wp-content\/uploads\/sites\/33\/2026\/02\/ECAM_Amphi_photo-2048x1364.jpg 2048w\" sizes=\"(max-width: 1024px) 100vw, 1024px\" \/><\/figure>\n<\/div>\n<\/div>\n<\/div>\n\n\n\n<hr class=\"wp-block-separator has-text-color has-ast-global-color-8-color has-alpha-channel-opacity has-ast-global-color-8-background-color has-background is-style-wide\" \/>\n\n\n\n<h2 class=\"wp-block-heading has-text-align-left has-ast-global-color-0-color has-text-color\" style=\"font-size:20px\"><strong>Travel to and from ECAM LaSalle<\/strong><\/h2>\n\n\n\n<div class=\"inherit-container-width wp-block-group alignwide is-layout-constrained wp-block-group-is-layout-constrained\">\n<p class=\"has-text-align-left\">The entire city is easily accessible from ECAM LaSalle thanks to an efficient public transportation system.<\/p>\n\n\n\n<p>ECAM LaSalle is indeed just a short walk from the \u201cMinimes Th\u00e9atres Romains\u201d funicular station (see picture below). In just two minutes, the funicular will take you down to the \u201cVieux Lyon\u201d metro station, right in the heart of the historic Old Town, ideal for discovering local restaurants during the lunch breaks.<\/p>\n\n\n\n<p class=\"has-text-align-left\">If you prefer to walk, you can also reach the Old Town (and its metro station) on foot by descending the hill via either the mont\u00e9e des Chazeaux or the mont\u00e9e Saint-Barth\u00e9lemy (see the picture below).<\/p>\n\n\n\n<p class=\"has-text-align-left\">More information on public transportation in Lyon can be found at this <a href=\"https:\/\/www.tcl.fr\/en\" target=\"_blank\" rel=\"noreferrer noopener\">link<\/a>.&nbsp;<\/p>\n\n\n\n<div class=\"wp-block-columns alignwide are-vertically-aligned-center is-layout-flex wp-container-core-columns-is-layout-2 wp-block-columns-is-layout-flex\">\n<div class=\"wp-block-column is-vertically-aligned-center is-layout-flow wp-block-column-is-layout-flow\">\n<figure class=\"wp-block-image size-full is-resized\"><img loading=\"lazy\" decoding=\"async\" width=\"860\" height=\"754\" src=\"https:\/\/conferences.ifac-control.org\/sysid2027\/wp-content\/uploads\/sites\/33\/2026\/02\/Minimes_ECAM-3.png\" alt=\"\" class=\"wp-image-1283\" style=\"width:443px;height:auto\" srcset=\"https:\/\/conferences.ifac-control.org\/sysid2027\/wp-content\/uploads\/sites\/33\/2026\/02\/Minimes_ECAM-3.png 860w, https:\/\/conferences.ifac-control.org\/sysid2027\/wp-content\/uploads\/sites\/33\/2026\/02\/Minimes_ECAM-3-300x263.png 300w, https:\/\/conferences.ifac-control.org\/sysid2027\/wp-content\/uploads\/sites\/33\/2026\/02\/Minimes_ECAM-3-768x673.png 768w\" sizes=\"(max-width: 860px) 100vw, 860px\" \/><\/figure>\n<\/div>\n\n\n\n<div class=\"wp-block-column is-vertically-aligned-center is-layout-flow wp-block-column-is-layout-flow\">\n<figure class=\"wp-block-image aligncenter size-large is-resized\"><img loading=\"lazy\" decoding=\"async\" width=\"572\" height=\"1024\" src=\"https:\/\/conferences.ifac-control.org\/sysid2027\/wp-content\/uploads\/sites\/33\/2026\/02\/Vieux_Lyon_ECAM-1-572x1024.png\" alt=\"\" class=\"wp-image-1284\" style=\"width:363px;height:auto\" srcset=\"https:\/\/conferences.ifac-control.org\/sysid2027\/wp-content\/uploads\/sites\/33\/2026\/02\/Vieux_Lyon_ECAM-1-572x1024.png 572w, https:\/\/conferences.ifac-control.org\/sysid2027\/wp-content\/uploads\/sites\/33\/2026\/02\/Vieux_Lyon_ECAM-1-167x300.png 167w, https:\/\/conferences.ifac-control.org\/sysid2027\/wp-content\/uploads\/sites\/33\/2026\/02\/Vieux_Lyon_ECAM-1.png 589w\" sizes=\"(max-width: 572px) 100vw, 572px\" \/><\/figure>\n<\/div>\n<\/div>\n\n\n\n<hr class=\"wp-block-separator has-text-color has-ast-global-color-8-color has-alpha-channel-opacity has-ast-global-color-8-background-color has-background is-style-wide\" \/>\n<\/div>\n\n\n\n<h2 class=\"wp-block-heading has-text-align-left has-ast-global-color-0-color has-text-color\" style=\"font-size:20px\"><strong>Hotels<\/strong><\/h2>\n\n\n\n<p>Lyon offers a wide range of accommodation options to suit all budgets. Prices vary from 80 euros to 300 euros for budget and mid-range hotels. More details can be found at <a href=\"https:\/\/en.visiterlyon.com\/stay\/accommodation\/hotels\" target=\"_blank\" rel=\"noreferrer noopener\">https:\/\/en.visiterlyon.com\/stay\/accommodation\/hotels<\/a><\/p>\n\n\n\n<div class=\"inherit-container-width wp-block-group is-layout-constrained wp-block-group-is-layout-constrained\">\n<hr class=\"wp-block-separator has-text-color has-ast-global-color-8-color has-alpha-channel-opacity has-ast-global-color-8-background-color has-background is-style-wide\" \/>\n<\/div>\n\n\n\n<h2 class=\"wp-block-heading has-ast-global-color-0-color has-text-color\" style=\"font-size:20px\"><strong>Travel to Lyon<\/strong><\/h2>\n\n\n\n<p>Getting to Lyon is simple and convenient.<\/p>\n\n\n\n<p><a href=\"https:\/\/www.lyonaeroports.com\/en\" target=\"_blank\" rel=\"noopener\" title=\"\">Lyon Saint-Exup\u00e9ry International Airport<\/a> serves direct flights to major destinations in France, Europe, and beyond.<\/p>\n\n\n\n<p>The city is also well-connected by rail, with two main stations (Lyon Part-Dieu and Lyon Perrache) offering high-speed links to major French cities and international hubs like Brussels, Milan, Frankfurt, Geneva, and Barcelona.<\/p>\n\n\n\n<p>A dedicated tramway line provides a quick 30-minute connection between the airport and Lyon Part-Dieu station.<\/p>\n\n\n\n<p>From both Part-Dieu and Perrache stations, Lyon\u2019s efficient metro, tramway, and bus network ensures easy access to the city center and the conference venue. More information on public transportation in Lyon can be found at this <a href=\"https:\/\/www.tcl.fr\/en\" target=\"_blank\" rel=\"noreferrer noopener\">link<\/a>.<\/p>\n\n\n\n<hr class=\"wp-block-separator has-alpha-channel-opacity is-style-wide\" \/>\n\n\n\n<h2 class=\"wp-block-heading has-text-align-left has-ast-global-color-0-color has-text-color\" style=\"font-size:20px\"><strong>About Lyon<\/strong><\/h2>\n\n\n\n<p>Lyon, France\u2019s second-largest metropolis with over two million inhabitants, is a city steeped in history since its founding in 43 BC. Its rich heritage is proudly preserved and celebrated by locals, from the iconic Nuits de Fourvi\u00e8re music festival in the ancient Roman theatres to the vibrant streets of Vieux-Lyon, filled with restaurants, bookshops, art galleries, and bustling flea markets.<\/p>\n\n\n\n<p>Renowned for its culinary tradition and art de vivre, Lyon invites you to savor leisurely strolls, cultural discoveries.<\/p>\n\n\n\n<p>Cradled between the Rh\u00f4ne and Sa\u00f4ne rivers, Lyon\u2019s picturesque quays and waterfronts are perfect for relaxing walks, scenic river cruises, or lingering on caf\u00e9 terraces. Beyond the city, nature beckons with lush parks and gardens, while the nearby Beaujolais countryside and the Auvergne-Rh\u00f4ne-Alpes region offer endless opportunities for adventure and escape.<\/p>\n\n\n\n<p>The following videos will give you a sneak peek of what Lyon has to offer: <a href=\"https:\/\/www.youtube.com\/watch?v=BPGLiL_O7Iw\" target=\"_blank\" rel=\"noopener\" title=\"\">Video: Lyon in the air<\/a>; <a href=\"https:\/\/www.youtube.com\/watch?v=Z9kb5ffBsK8\" target=\"_blank\" rel=\"noopener\" title=\"\">Video: two days in Lyon<\/a> and <a href=\"https:\/\/en.visiterlyon.com\/lyon-i-love-you-the-movie\" target=\"_blank\" rel=\"noopener\" title=\"\">Video: Lyon, I love you &#8211; the movie<\/a><\/p>\n\n\n\n<p>More information can be found on the <a href=\"https:\/\/en.visiterlyon.com\/discover\" target=\"_blank\" rel=\"noopener\" title=\"\">website<\/a> of Lyon Tourist Office.<\/p>\n\n\n\n<div class=\"wp-block-media-text alignwide is-stacked-on-mobile is-vertically-aligned-center\"><figure class=\"wp-block-media-text__media\"><img loading=\"lazy\" decoding=\"async\" width=\"800\" height=\"532\" src=\"https:\/\/conferences.ifac-control.org\/sysid2027\/wp-content\/uploads\/sites\/33\/2026\/02\/Quai_Saone.jpg\" alt=\"\" class=\"wp-image-1306 size-full\" srcset=\"https:\/\/conferences.ifac-control.org\/sysid2027\/wp-content\/uploads\/sites\/33\/2026\/02\/Quai_Saone.jpg 800w, https:\/\/conferences.ifac-control.org\/sysid2027\/wp-content\/uploads\/sites\/33\/2026\/02\/Quai_Saone-300x200.jpg 300w, https:\/\/conferences.ifac-control.org\/sysid2027\/wp-content\/uploads\/sites\/33\/2026\/02\/Quai_Saone-768x511.jpg 768w\" sizes=\"(max-width: 800px) 100vw, 800px\" \/><\/figure><div class=\"wp-block-media-text__content\">\n<h5 class=\"wp-block-heading has-ast-global-color-8-color has-text-color\" style=\"font-size:18px\"><strong>Saint-Georges Church and the Sa\u00f4ne riverbanks, Lyon 5th arrondissement<\/strong><\/h5>\n<\/div><\/div>\n\n\n\n<div class=\"wp-block-media-text alignwide has-media-on-the-right is-stacked-on-mobile\" style=\"grid-template-columns:auto 34%\"><div class=\"wp-block-media-text__content\">\n<h5 class=\"wp-block-heading has-ast-global-color-8-color has-text-color\" style=\"font-size:18px\"><strong>Passageway called \u201cTraboule\u201d<\/strong><\/h5>\n<\/div><figure class=\"wp-block-media-text__media\"><img loading=\"lazy\" decoding=\"async\" width=\"434\" height=\"600\" src=\"https:\/\/conferences.ifac-control.org\/sysid2027\/wp-content\/uploads\/sites\/33\/2026\/02\/Traboule-1.jpg\" alt=\"\" class=\"wp-image-1309 size-full\" srcset=\"https:\/\/conferences.ifac-control.org\/sysid2027\/wp-content\/uploads\/sites\/33\/2026\/02\/Traboule-1.jpg 434w, https:\/\/conferences.ifac-control.org\/sysid2027\/wp-content\/uploads\/sites\/33\/2026\/02\/Traboule-1-217x300.jpg 217w\" sizes=\"(max-width: 434px) 100vw, 434px\" \/><\/figure><\/div>\n\n\n\n<div class=\"wp-block-media-text alignwide is-stacked-on-mobile\"><figure class=\"wp-block-media-text__media\"><img loading=\"lazy\" decoding=\"async\" width=\"800\" height=\"582\" src=\"https:\/\/conferences.ifac-control.org\/sysid2027\/wp-content\/uploads\/sites\/33\/2026\/02\/Theatre_romain.jpg\" alt=\"\" class=\"wp-image-1311 size-full\" srcset=\"https:\/\/conferences.ifac-control.org\/sysid2027\/wp-content\/uploads\/sites\/33\/2026\/02\/Theatre_romain.jpg 800w, https:\/\/conferences.ifac-control.org\/sysid2027\/wp-content\/uploads\/sites\/33\/2026\/02\/Theatre_romain-300x218.jpg 300w, https:\/\/conferences.ifac-control.org\/sysid2027\/wp-content\/uploads\/sites\/33\/2026\/02\/Theatre_romain-768x559.jpg 768w\" sizes=\"(max-width: 800px) 100vw, 800px\" \/><\/figure><div class=\"wp-block-media-text__content\">\n<h5 class=\"wp-block-heading has-ast-global-color-8-color has-text-color\" style=\"font-size:18px\"><strong>The Roman theaters on Fourvi\u00e8re Hill seen from the Lugdunum Museum<\/strong><\/h5>\n<\/div><\/div>\n\n\n\n<div class=\"wp-block-media-text has-media-on-the-right is-stacked-on-mobile\"><div class=\"wp-block-media-text__content\">\n<h5 class=\"wp-block-heading\"><strong>Old Lyon from the banks of Sa\u00f4ne<\/strong><\/h5>\n<\/div><figure class=\"wp-block-media-text__media\"><img loading=\"lazy\" decoding=\"async\" width=\"800\" height=\"533\" src=\"https:\/\/conferences.ifac-control.org\/sysid2027\/wp-content\/uploads\/sites\/33\/2026\/02\/Vieux_Lyon.jpg\" alt=\"\" class=\"wp-image-1314 size-full\" srcset=\"https:\/\/conferences.ifac-control.org\/sysid2027\/wp-content\/uploads\/sites\/33\/2026\/02\/Vieux_Lyon.jpg 800w, https:\/\/conferences.ifac-control.org\/sysid2027\/wp-content\/uploads\/sites\/33\/2026\/02\/Vieux_Lyon-300x200.jpg 300w, https:\/\/conferences.ifac-control.org\/sysid2027\/wp-content\/uploads\/sites\/33\/2026\/02\/Vieux_Lyon-768x512.jpg 768w\" sizes=\"(max-width: 800px) 100vw, 800px\" \/><\/figure><\/div>\n","protected":false},"excerpt":{"rendered":"<p>VENUE Conference venue Eighteen years after its 2009-edition in Saint-Malo, the IFAC Symposium on System Identification returns to France, this time in Lyon. SYSID 2027 will be held at ECAM LaSalle, an engineering school located at: 40 mont\u00e9e Saint-Barth\u00e9lemy, 69005 Lyon, France The campus is perched on the slopes of Fourvi\u00e8re, one of Lyon\u2019s iconic &hellip;<\/p>\n<p class=\"read-more\"> <a class=\"\" href=\"https:\/\/conferences.ifac-control.org\/sysid2027\/venue\/\"> <span class=\"screen-reader-text\">Venue<\/span> Read More &raquo;<\/a><\/p>\n","protected":false},"author":2,"featured_media":0,"parent":0,"menu_order":0,"comment_status":"closed","ping_status":"closed","template":"","meta":{"site-sidebar-layout":"default","site-content-layout":"default","ast-global-header-display":"","ast-main-header-display":"","ast-hfb-above-header-display":"","ast-hfb-below-header-display":"","ast-hfb-mobile-header-display":"","site-post-title":"disabled","ast-breadcrumbs-content":"","ast-featured-img":"","footer-sml-layout":"","theme-transparent-header-meta":"","adv-header-id-meta":"","stick-header-meta":"","header-above-stick-meta":"","header-main-stick-meta":"","header-below-stick-meta":"","footnotes":""},"class_list":["post-23","page","type-page","status-publish","hentry"],"aioseo_notices":[],"_links":{"self":[{"href":"https:\/\/conferences.ifac-control.org\/sysid2027\/wp-json\/wp\/v2\/pages\/23"}],"collection":[{"href":"https:\/\/conferences.ifac-control.org\/sysid2027\/wp-json\/wp\/v2\/pages"}],"about":[{"href":"https:\/\/conferences.ifac-control.org\/sysid2027\/wp-json\/wp\/v2\/types\/page"}],"author":[{"embeddable":true,"href":"https:\/\/conferences.ifac-control.org\/sysid2027\/wp-json\/wp\/v2\/users\/2"}],"replies":[{"embeddable":true,"href":"https:\/\/conferences.ifac-control.org\/sysid2027\/wp-json\/wp\/v2\/comments?post=23"}],"version-history":[{"count":97,"href":"https:\/\/conferences.ifac-control.org\/sysid2027\/wp-json\/wp\/v2\/pages\/23\/revisions"}],"predecessor-version":[{"id":1708,"href":"https:\/\/conferences.ifac-control.org\/sysid2027\/wp-json\/wp\/v2\/pages\/23\/revisions\/1708"}],"wp:attachment":[{"href":"https:\/\/conferences.ifac-control.org\/sysid2027\/wp-json\/wp\/v2\/media?parent=23"}],"curies":[{"name":"wp","href":"https:\/\/api.w.org\/{rel}","templated":true}]}}